{"id":9205,"date":"2015-07-31T17:58:25","date_gmt":"2015-07-31T17:58:25","guid":{"rendered":"http:\/\/yuri.com.br\/claudio\/?page_id=9205"},"modified":"2023-07-11T15:19:09","modified_gmt":"2023-07-11T15:19:09","slug":"fermentacao-natural","status":"publish","type":"page","link":"https:\/\/yuri.com.br\/claudio\/fermentacao-natural\/","title":{"rendered":"Fermenta\u00e7\u00e3o natural"},"content":{"rendered":"<p>[vc_row][vc_column][vc_single_image image=&#8221;9302&#8243; img_size=&#8221;full&#8221; alignment=&#8221;center&#8221;][vc_text_separator title=&#8221;SOBRE O AUTOR&#8221; i_icon_fontawesome=&#8221;fas fa-hand-point-right&#8221; i_color=&#8221;black&#8221; i_size=&#8221;sm&#8221; title_align=&#8221;separator_align_left&#8221; border_width=&#8221;4&#8243; add_icon=&#8221;true&#8221; css=&#8221;.vc_custom_1689084950338{padding-bottom: -4px !important;}&#8221;][vc_column_text]<\/p>\n<p style=\"text-align: justify;\">\u00a0 \u00a0 \u00a0Primeiramente, ressalto que esta s\u00e9rie de postagens n\u00e3o substitui um curso presencial de panifica\u00e7\u00e3o. No entanto, gosto de buscar e disseminar conhecimento, e desejo dar oportunidade \u00e0queles que n\u00e3o podem pagar milhares de reais (eu fa\u00e7o parte dessa turma) em cursos especializados ou mesmo aos padeiros caseiros (tamb\u00e9m me incluo aqui), que nunca far\u00e3o um est\u00e1gio numa padaria profissional. O p\u00e3o de fermenta\u00e7\u00e3o natural \u00e9 um s\u00edmbolo ancestral de um alimento presente em toda a hist\u00f3ria da humanidade, uma cultura que merece ser preservada e repassada adiante.<\/p>\n<p style=\"text-align: justify;\">\u00a0 \u00a0 \u00a0Parece exagero mas, minha vida mudou depois que decidi produzir todos os p\u00e3es que consumo, isso foi em 2010 quando abandonei 15 anos de carreira profissional bem sucedida para ir morar no p\u00e9 de uma montanha. No caminh\u00e3o de mudan\u00e7a n\u00e3o entrou meu curr\u00edculo nem meu holerith, mas sim um monte de pacotes n\u00e3o materiais, entre eles a vontade de &#8220;fazer&#8221; mais e &#8220;comprar&#8221; menos, algo dif\u00edcil numa era onde exatamente o contr\u00e1rio \u00e9 a tend\u00eancia &#8211; consumismo inconsciente e falta de tempo &#8211; uma filosofia que renderia muito mais que o foco disso aqui. A fato \u00e9 que, surpreendentemente, esta experi\u00eancia foi mais transformadora no aspecto gastron\u00f4mico. Sim, os motivos supracitados me iniciaram no assunto. Por\u00e9m, se hoje me perguntarem por que eu fa\u00e7o p\u00e3o, eu responderia: &#8220;<em>simplesmente porque \u00e9 b\u00e3o dimais da conta!!!<\/em>&#8220;<\/p>\n<p style=\"text-align: justify;\">\u00a0 \u00a0 \u00a0E antes de qualquer apar\u00eancia prepotente, declaro desde j\u00e1 que n\u00e3o tenho a menor voca\u00e7\u00e3o para escrever artigos t\u00e9cnicos neste sentido, sou um mero amador. Se chegou aqui atr\u00e1s de estudos aprofundados, esque\u00e7a o besteirol abaixo e procure por outras fontes, embora eu alerte que, no n\u00edvel mais cient\u00edfico, este \u00e9 um tema de muitas ambiguidades, paradigmas antigos, empirismo, poucas pesquisas acad\u00eamicas, enfim, n\u00e3o \u00e9 sempre que uma meleca de farinha de trigo vai parar debaixo de um microsc\u00f3pio. Mas de fato, existem padeiros profissionais realmente conhecedores do assunto: em todas os of\u00edcios da vida temos grandes refer\u00eancias, n\u00e3o deixe de ter as suas na panifica\u00e7\u00e3o tamb\u00e9m. Mas reconhe\u00e7o tamb\u00e9m que \u00e9 raro um conte\u00fado online assim, em portugu\u00eas, gratuito, cuidadosamente elaborado. Minha \u00fanica inten\u00e7\u00e3o aqui \u00e9 nortear conterr\u00e2neos e <strong>iniciantes<\/strong> no mundo da fermenta\u00e7\u00e3o natural, com esclarecimentos que v\u00e3o um pouco al\u00e9m da &#8220;receita de bolo&#8221; que vemos em muitos livros superficiais, sem complicar muito ou distanciar do objetivo principal que \u00e9 fazer e comer um bom p\u00e3o.<\/p>\n<p>[\/vc_column_text][\/vc_column][\/vc_row][vc_row][vc_column][vc_text_separator title=&#8221;UM POUCO DE CI\u00caNCIA&#8221; i_icon_fontawesome=&#8221;fas fa-hand-point-right&#8221; i_color=&#8221;black&#8221; i_size=&#8221;sm&#8221; title_align=&#8221;separator_align_left&#8221; border_width=&#8221;4&#8243; add_icon=&#8221;true&#8221; css=&#8221;.vc_custom_1689085328499{padding-bottom: -4px !important;}&#8221;][vc_column_text]<\/p>\n<p style=\"text-align: justify;\">\u00a0 \u00a0 \u00a0Vale a pena entender um pouco o que \u00e9 esse tal de &#8220;fermento&#8221;. Uma bact\u00e9ria? N\u00e3o. Seria um &#8220;bichinho&#8221; m\u00e1gico e invis\u00edvel que faz crescer uma massa, produz \u00e1lcool na cerveja, faz uma boa cacha\u00e7a ou o combust\u00edvel do seu carro?<\/p>\n<p style=\"text-align: justify;\"><a href=\"http:\/\/yuri.com.br\/claudio\/wp-content\/uploads\/2015\/07\/DSC_0058.jpg\"><img loading=\"lazy\" decoding=\"async\" data-attachment-id=\"9190\" data-permalink=\"https:\/\/yuri.com.br\/claudio\/dsc_0058\/\" data-orig-file=\"https:\/\/yuri.com.br\/claudio\/wp-content\/uploads\/2015\/07\/DSC_0058.jpg\" data-orig-size=\"400,300\" data-comments-opened=\"1\" data-image-meta=\"{&quot;aperture&quot;:&quot;2&quot;,&quot;credit&quot;:&quot;&quot;,&quot;camera&quot;:&quot;D5833&quot;,&quot;caption&quot;:&quot;&quot;,&quot;created_timestamp&quot;:&quot;1427462564&quot;,&quot;copyright&quot;:&quot;&quot;,&quot;focal_length&quot;:&quot;4.6&quot;,&quot;iso&quot;:&quot;64&quot;,&quot;shutter_speed&quot;:&quot;0.025&quot;,&quot;title&quot;:&quot;&quot;}\" data-image-title=\"DSC_0058\" data-image-description=\"\" data-image-caption=\"\" data-medium-file=\"https:\/\/yuri.com.br\/claudio\/wp-content\/uploads\/2015\/07\/DSC_0058-300x225.jpg\" data-large-file=\"https:\/\/yuri.com.br\/claudio\/wp-content\/uploads\/2015\/07\/DSC_0058.jpg\" class=\"size-full wp-image-9190 alignleft\" src=\"http:\/\/yuri.com.br\/claudio\/wp-content\/uploads\/2015\/07\/DSC_0058.jpg\" alt=\"Saccharomyces cerevisiae (Fermento Biol\u00f3gico Seco \/ INDUSTRIAL)\" width=\"200\" height=\"150\" srcset=\"https:\/\/yuri.com.br\/claudio\/wp-content\/uploads\/2015\/07\/DSC_0058.jpg 400w, https:\/\/yuri.com.br\/claudio\/wp-content\/uploads\/2015\/07\/DSC_0058-150x112.jpg 150w, https:\/\/yuri.com.br\/claudio\/wp-content\/uploads\/2015\/07\/DSC_0058-300x225.jpg 300w\" sizes=\"auto, (max-width: 200px) 100vw, 200px\" \/><\/a>\u00a0 \u00a0 \u00a0Na biologia, os fermentos ou leveduras pertencem ao grupo dos fungos. O mais conhecido deles tem o nome esquisito de <em>Saccharomyces cerevisiae<\/em>, t\u00e3o famoso que foi &#8220;domesticado&#8221; para fins comerciais e hoje \u00e9 vendido na forma de tabletes frescos ou em p\u00f3 (seco), \u00e9 o tal do fermento biol\u00f3gico de mercado, um &#8220;bichinho&#8221; super faminto que faz seu p\u00e3o crescer rapidinho. Mas este n\u00e3o \u00e9 o \u00fanico fermento que existe. Na fermenta\u00e7\u00e3o natural, uma s\u00e9rie de outros &#8220;irm\u00e3os&#8221; est\u00e3o em jogo, <em>Candida milleri<\/em> \u00e9 um deles. Mas esque\u00e7a todos esses nomes complicados. Apenas lembre: as leveduras s\u00e3o respons\u00e1veis pelo crescimento da massa. Como se consegue isso? Entra em cena outra turma, as enzimas presentes no gr\u00e3o do trigo. Uma muito importante se chama &#8220;amilase&#8221;, pois \u00e9 ela quem transforma o amido da farinha em a\u00e7\u00facares simples. \u00c9 como uma f\u00e1brica de comida para as leveduras metabolizarem, se multiplicando, produzindo \u00e1lcool e o g\u00e1s carb\u00f4nico que faz a sua massa &#8220;crescer&#8221; (gra\u00e7as ao gl\u00faten que nela se forma, prendendo esses gases e expandindo em volume).<\/p>\n<p style=\"text-align: justify;\">\u00a0 \u00a0 \u00a0Agora voc\u00ea pode fazer esta \u00f3tima pergunta: se o fermento faz crescer a massa, ent\u00e3o de onde vem o incr\u00edvel sabor do p\u00e3o de fermenta\u00e7\u00e3o natural? Entra em cena o fascinante mundo dos lactobacilos! Esses sim pertencem ao g\u00eanero das bact\u00e9rias e consomem um outro tipo de a\u00e7\u00facar proveniente da farinha &#8211; maltose &#8211; o que n\u00e3o \u00e9 metabolizado pela maioria das leveduras que, por sua vez, se beneficiam de a\u00e7\u00facares gerados pelos lactobacilos. Podemos chamar isto de uma conviv\u00eancia harmoniosa (simbi\u00f3tica) entre os lactobacilos e leveduras no <em>levain<\/em>.<\/p>\n<p style=\"text-align: justify;\"><a href=\"http:\/\/yuri.com.br\/claudio\/wp-content\/uploads\/2015\/07\/DSC_0620.jpg\"><img loading=\"lazy\" decoding=\"async\" data-attachment-id=\"9191\" data-permalink=\"https:\/\/yuri.com.br\/claudio\/dsc_0620\/\" data-orig-file=\"https:\/\/yuri.com.br\/claudio\/wp-content\/uploads\/2015\/07\/DSC_0620.jpg\" data-orig-size=\"400,331\" data-comments-opened=\"1\" data-image-meta=\"{&quot;aperture&quot;:&quot;2&quot;,&quot;credit&quot;:&quot;&quot;,&quot;camera&quot;:&quot;D5833&quot;,&quot;caption&quot;:&quot;&quot;,&quot;created_timestamp&quot;:&quot;1436197812&quot;,&quot;copyright&quot;:&quot;&quot;,&quot;focal_length&quot;:&quot;4.6&quot;,&quot;iso&quot;:&quot;320&quot;,&quot;shutter_speed&quot;:&quot;0.03125&quot;,&quot;title&quot;:&quot;&quot;}\" data-image-title=\"DSC_0620\" data-image-description=\"\" data-image-caption=\"\" data-medium-file=\"https:\/\/yuri.com.br\/claudio\/wp-content\/uploads\/2015\/07\/DSC_0620-300x248.jpg\" data-large-file=\"https:\/\/yuri.com.br\/claudio\/wp-content\/uploads\/2015\/07\/DSC_0620.jpg\" class=\" wp-image-9191 alignright\" src=\"http:\/\/yuri.com.br\/claudio\/wp-content\/uploads\/2015\/07\/DSC_0620.jpg\" alt=\"Fermento NATURAL\" width=\"180\" height=\"152\" \/><\/a>\u00a0 \u00a0 Basicamente, s\u00e3o 2 grupos de lactobacilos que podem atuar no <em>levain<\/em>. Temos os homofermentativos, que, pelo seu pr\u00f3prio nome &#8211; homo &#8211; possuem somente um produto de sua fermenta\u00e7\u00e3o: \u00e1cido l\u00e1tico. J\u00e1 os heterofermentativos geram mais produtos al\u00e9m do \u00e1cido l\u00e1tico, como \u00e1lcool, g\u00e1s carb\u00f4nico e por fim o \u00e1cido ac\u00e9tico (respons\u00e1vel pelo famoso &#8220;azedinho&#8221; no sabor). Cada grupo prospera mais ou menos na cultura sob determinadas condi\u00e7\u00f5es. A grosso modo, a acidez produzida pelos lactobacilos reduz a sua pr\u00f3pria atividade, que desacelera sob um PH muito baixo, diferente das leveduras, que s\u00e3o mais tolerantes. Mas n\u00e3o vamos complicar ainda mais. Vou parar por aqui pois acho que j\u00e1 deu pra perceber que esse segundo grupo (heterofermentativo) \u00e9 mais interessante na sua contribui\u00e7\u00e3o para o p\u00e3o. Aqui citamos o tal do <em>Lactobacillus sanfranciscensis<\/em>, descoberto l\u00e1 na Calif\u00f3rnia, deixando os p\u00e3es de S\u00e3o Francisco pra l\u00e1 de famosos. Trata-se de uma bact\u00e9ria heterofermentativa que surge no levain ap\u00f3s algumas semanas de cultivo di\u00e1rio (sem submet\u00ea-lo \u00e0 refrigera\u00e7\u00e3o) e fornece um sabor maravilhoso ao p\u00e3o.<\/p>\n<p style=\"text-align: justify;\">\u00a0 \u00a0 \u00a0Vale observar que, ao contr\u00e1rio do que se mistifica por a\u00ed afora, essas bact\u00e9rias n\u00e3o s\u00e3o exclusivas de um lugar ou regi\u00e3o, assim como uma idade longa do <em>levain<\/em> nada representa de especial. Mas e aquele <em>levain<\/em> de &#8220;20 anos&#8221; criado por padeiros ancestrais na antol\u00f3gica padaria &#8220;X&#8221;? Ver\u00e1s que n\u00e3o passa de uma aura infundada. O lugar e condi\u00e7\u00f5es influenciam sim, n\u00e3o por uma (inexistente) exclusividade geogr\u00e1fica, mas sim por aspectos que v\u00e3o desde as diferentes farinhas locais, porcentagens e tempos de alimenta\u00e7\u00e3o, temperatura, hidrata\u00e7\u00e3o, at\u00e9 mesmo a cozinha sendo usada. Enfim, s\u00e3o infind\u00e1veis fatores que justificam dizer que se voc\u00ea pegar um <em>levain<\/em> em um lugar distante e tentar cultiv\u00e1-lo do mesmo jeito em sua casa, renovando-o diariamente, dificilmente produzir\u00e1 o mesmo p\u00e3o de sua origem, a n\u00e3o ser que se reproduza todo o cen\u00e1rio rigidamente. Gosto da frase que diz &#8220;estamos todos fazendo o mesmo p\u00e3o&#8221; (no sentido deste quase-milagre da simples mistura de farinha, \u00e1gua e sal, aliado \u00e0 cuidadosas t\u00e9cnicas), assim como cada fornada traz um p\u00e3o diferente, nunca igual. Isso vale para qualquer padeiro, amador ou profissional, aqui ou do outro lado do mundo.<\/p>\n<p>[\/vc_column_text][vc_btn title=&#8221;CRIANDO A SUA PR\u00d3PRIA CULTURA&#8221; color=&#8221;default&#8221; align=&#8221;center&#8221; button_block=&#8221;true&#8221; link=&#8221;url:http%3A%2F%2Fyuri.com.br%2Fclaudio%2Fcriando-seu-proprio-levain%2F|title:CRIANDO%20A%20SUA%20PR%C3%93PRIA%20CULTURA|target:%20_blank|&#8221;][\/vc_column][\/vc_row]<\/p>\n","protected":false},"excerpt":{"rendered":"<p>[vc_row][vc_column][vc_single_image image=&#8221;9302&#8243; img_size=&#8221;full&#8221; alignment=&#8221;center&#8221;][vc_text_separator title=&#8221;SOBRE O AUTOR&#8221; i_icon_fontawesome=&#8221;fas fa-hand-point-right&#8221; i_color=&#8221;black&#8221; i_size=&#8221;sm&#8221; title_align=&#8221;separator_align_left&#8221; border_width=&#8221;4&#8243; add_icon=&#8221;true&#8221; css=&#8221;.vc_custom_1689084950338{padding-bottom: -4px !important;}&#8221;][vc_column_text] \u00a0 \u00a0 \u00a0Primeiramente, ressalto que esta s\u00e9rie de postagens n\u00e3o substitui um curso presencial de panifica\u00e7\u00e3o. No entanto, gosto de buscar e disseminar conhecimento, e desejo dar oportunidade \u00e0queles que n\u00e3o podem pagar milhares de reais (eu fa\u00e7o&hellip;&nbsp;<a href=\"https:\/\/yuri.com.br\/claudio\/fermentacao-natural\/\" rel=\"bookmark\">Continue a ler &raquo;<span class=\"screen-reader-text\">Fermenta\u00e7\u00e3o natural<\/span><\/a><\/p>\n","protected":false},"author":1,"featured_media":9200,"parent":0,"menu_order":0,"comment_status":"closed","ping_status":"closed","template":"","meta":{"neve_meta_sidebar":"","neve_meta_container":"","neve_meta_enable_content_width":"off","neve_meta_content_width":80,"neve_meta_title_alignment":"","neve_meta_author_avatar":"","neve_post_elements_order":"","neve_meta_disable_header":"","neve_meta_disable_footer":"","neve_meta_disable_title":"","jetpack_post_was_ever_published":false,"footnotes":""},"class_list":["post-9205","page","type-page","status-publish","has-post-thumbnail","hentry"],"jetpack_shortlink":"https:\/\/wp.me\/P4i7cB-2ot","jetpack_sharing_enabled":true,"jetpack-related-posts":[{"id":9305,"url":"https:\/\/yuri.com.br\/claudio\/pao-basico\/","url_meta":{"origin":9205,"position":0},"title":"O p\u00e3o b\u00e1sico de fermenta\u00e7\u00e3o natural","author":"Cl\u00e1udio Brisighello","date":"9\/ago\/2015","format":false,"excerpt":"[vc_row][vc_column][vc_single_image image=\"9673\" img_size=\"full\" alignment=\"center\"][vc_text_separator title=\"O P\u00c3O B\u00c1SICO\" i_icon_fontawesome=\"fas fa-hand-point-right\" i_color=\"black\" i_size=\"sm\" title_align=\"separator_align_left\" border_width=\"4\" add_icon=\"true\" css=\".vc_custom_1689086531307{margin-top: 40px !important;}\"][vc_column_text] \u00a0 \u00a0 \u00a0Agora que entendemos um pouco sobre a\u00a0fermenta\u00e7\u00e3o natural\u00a0e como fazer o nosso pr\u00f3prio levain, vamos finalmente ao que interessa. Mas se voc\u00ea chegou aqui \u00e0 procura de uma r\u00e1pida \"receita de\u2026","rel":"","context":"Post similar","block_context":{"text":"Post similar","link":""},"img":{"alt_text":"","src":"","width":0,"height":0},"classes":[]},{"id":9425,"url":"https:\/\/yuri.com.br\/claudio\/brioche\/","url_meta":{"origin":9205,"position":1},"title":"Brioche","author":"Cl\u00e1udio Brisighello","date":"11\/nov\/2015","format":false,"excerpt":"[vc_row][vc_column][vc_single_image image=\"9428\" img_size=\"full\" alignment=\"center\"][vc_text_separator title=\"INTRODU\u00c7\u00c3O AOS BRIOCHES\" i_icon_fontawesome=\"fas fa-hand-point-right\" i_color=\"black\" i_size=\"sm\" title_align=\"separator_align_left\" border_width=\"4\" add_icon=\"true\" css=\".vc_custom_1689087758144{margin-top: 50px !important;}\"][vc_column_text css=\".vc_custom_1540412865008{margin-bottom: -15px !important;}\"] \u00a0 \u00a0 \u00a0A panifica\u00e7\u00e3o \u00e9 um vasto universo. Eu comecei com os incr\u00edveis p\u00e3es de fermenta\u00e7\u00e3o natural e confesso que um dia cheguei a me dar por satisfeito, n\u00e3o desejando\u2026","rel":"","context":"Post similar","block_context":{"text":"Post similar","link":""},"img":{"alt_text":"","src":"","width":0,"height":0},"classes":[]},{"id":9229,"url":"https:\/\/yuri.com.br\/claudio\/criando-seu-proprio-levain\/","url_meta":{"origin":9205,"position":2},"title":"Fazendo o seu pr\u00f3prio levain","author":"Cl\u00e1udio Brisighello","date":"31\/jul\/2015","format":false,"excerpt":"[vc_row][vc_column][vc_single_image image=\"9361\" img_size=\"full\" alignment=\"center\"][vc_text_separator title=\"CRIANDO A SUA PR\u00d3PRIA CULTURA\" i_icon_fontawesome=\"fas fa-hand-point-right\" i_color=\"black\" i_size=\"sm\" title_align=\"separator_align_left\" border_width=\"4\" add_icon=\"true\"][vc_column_text] \u00a0 \u00a0 \u00a0O m\u00e9todo a seguir \u00e9 baseado em livros e \u201creceitas\u201d de profissionais, mas n\u00e3o h\u00e1 segredo algum, o processo se desencadeia a partir do momento em que se hidrata a farinha e\u2026","rel":"","context":"Post similar","block_context":{"text":"Post similar","link":""},"img":{"alt_text":"","src":"","width":0,"height":0},"classes":[]},{"id":10554,"url":"https:\/\/yuri.com.br\/claudio\/sobre-boulders-e-plaquinhas\/","url_meta":{"origin":9205,"position":3},"title":"Sobre boulders e plaquinhas","author":"Cl\u00e1udio Brisighello","date":"31\/maio\/2021","format":false,"excerpt":"[vc_row][vc_column][vc_empty_space height=\"44px\"][vc_text_separator title=\"SOBRE BOULDERS E PLAQUINHAS\" i_icon_fontawesome=\"fas fa-exclamation-circle\" i_color=\"custom\" i_size=\"sm\" title_align=\"separator_align_left\" border_width=\"4\" add_icon=\"true\" i_custom_color=\"#cc2424\"][vc_column_text] \u00a0 \u00a0 Desde a chegada da pandemia em 2020, as poucas op\u00e7\u00f5es me levaram de volta \u00e0 Pedra do Cruzeiro em Gon\u00e7alves, local que eu n\u00e3o frequentava h\u00e1 6 anos, exceto espor\u00e1dicas visitas aos propriet\u00e1rios para\u2026","rel":"","context":"Post similar","block_context":{"text":"Post similar","link":""},"img":{"alt_text":"","src":"https:\/\/i0.wp.com\/yuri.com.br\/claudio\/wp-content\/uploads\/2021\/05\/croquis.jpg?resize=350%2C200&ssl=1","width":350,"height":200,"srcset":"https:\/\/i0.wp.com\/yuri.com.br\/claudio\/wp-content\/uploads\/2021\/05\/croquis.jpg?resize=350%2C200&ssl=1 1x, https:\/\/i0.wp.com\/yuri.com.br\/claudio\/wp-content\/uploads\/2021\/05\/croquis.jpg?resize=525%2C300&ssl=1 1.5x, https:\/\/i0.wp.com\/yuri.com.br\/claudio\/wp-content\/uploads\/2021\/05\/croquis.jpg?resize=700%2C400&ssl=1 2x, https:\/\/i0.wp.com\/yuri.com.br\/claudio\/wp-content\/uploads\/2021\/05\/croquis.jpg?resize=1050%2C600&ssl=1 3x, https:\/\/i0.wp.com\/yuri.com.br\/claudio\/wp-content\/uploads\/2021\/05\/croquis.jpg?resize=1400%2C800&ssl=1 4x"},"classes":[]},{"id":10177,"url":"https:\/\/yuri.com.br\/claudio\/botequim-carioca\/","url_meta":{"origin":9205,"position":4},"title":"Botequim carioca","author":"Cl\u00e1udio Brisighello","date":"27\/out\/2018","format":false,"excerpt":"[vc_row][vc_column][vc_empty_space height=\"52px\"][vc_text_separator title=\"BOTEQUIM CARIOCA\" i_icon_fontawesome=\"fas fa-beer\" i_color=\"black\" title_align=\"separator_align_left\" align=\"align_left\" style=\"shadow\" add_icon=\"true\"][vc_column_text] \u00a0 \u00a0 \u00a0 Ap\u00f3s deixar o Rio de Janeiro, devo aqui umas anota\u00e7\u00f5es sobre algo que muito me transformou nessa babil\u00f4nia. Achei melhor escrever logo antes que minha falha mem\u00f3ria deixe algumas importantes emo\u00e7\u00f5es para tr\u00e1s... \u00a0 \u00a0 \u00a0Me\u2026","rel":"","context":"Post similar","block_context":{"text":"Post similar","link":""},"img":{"alt_text":"","src":"","width":0,"height":0},"classes":[]},{"id":10786,"url":"https:\/\/yuri.com.br\/claudio\/fontainebleau-2023\/","url_meta":{"origin":9205,"position":5},"title":"Fontainebleau 2023","author":"Fifi","date":"8\/maio\/2023","format":false,"excerpt":"[vc_row][vc_column][vc_empty_space height=\"44px\"][vc_text_separator title=\"PRIMAVERA DE 2023 EM FONTAINEBLEAU\" border_width=\"4\"][vc_column_text] \u00a0 \u00a0 \u00a0Em 13 anos ap\u00f3s meu \"\u00eaxodo urbano\", as viagens de f\u00e9rias se contam em uma m\u00e3o. Isso se deve a uma equa\u00e7\u00e3o dos seguintes fatores, por ordem de peso: vontade de viajar inversamente proporcional \u00e0 paz de esp\u00edrito (a necessidade\u2026","rel":"","context":"Post similar","block_context":{"text":"Post similar","link":""},"img":{"alt_text":"","src":"","width":0,"height":0},"classes":[]}],"_links":{"self":[{"href":"https:\/\/yuri.com.br\/claudio\/wp-json\/wp\/v2\/pages\/9205","targetHints":{"allow":["GET"]}}],"collection":[{"href":"https:\/\/yuri.com.br\/claudio\/wp-json\/wp\/v2\/pages"}],"about":[{"href":"https:\/\/yuri.com.br\/claudio\/wp-json\/wp\/v2\/types\/page"}],"author":[{"embeddable":true,"href":"https:\/\/yuri.com.br\/claudio\/wp-json\/wp\/v2\/users\/1"}],"replies":[{"embeddable":true,"href":"https:\/\/yuri.com.br\/claudio\/wp-json\/wp\/v2\/comments?post=9205"}],"version-history":[{"count":60,"href":"https:\/\/yuri.com.br\/claudio\/wp-json\/wp\/v2\/pages\/9205\/revisions"}],"predecessor-version":[{"id":10925,"href":"https:\/\/yuri.com.br\/claudio\/wp-json\/wp\/v2\/pages\/9205\/revisions\/10925"}],"wp:featuredmedia":[{"embeddable":true,"href":"https:\/\/yuri.com.br\/claudio\/wp-json\/wp\/v2\/media\/9200"}],"wp:attachment":[{"href":"https:\/\/yuri.com.br\/claudio\/wp-json\/wp\/v2\/media?parent=9205"}],"curies":[{"name":"wp","href":"https:\/\/api.w.org\/{rel}","templated":true}]}}