{"id":8851,"date":"2015-04-06T21:49:46","date_gmt":"2015-04-06T21:49:46","guid":{"rendered":"http:\/\/yuri.com.br\/claudio\/?page_id=8851"},"modified":"2023-07-11T17:39:03","modified_gmt":"2023-07-11T17:39:03","slug":"mixtape","status":"publish","type":"page","link":"https:\/\/yuri.com.br\/claudio\/mixtape\/","title":{"rendered":"MIXTAPES"},"content":{"rendered":"<p>[vc_row][vc_column][vc_cta h2=&#8221;&#8221; txt_align=&#8221;center&#8221; css=&#8221;.vc_custom_1548937027291{margin-top: 10px !important;margin-bottom: -20px !important;}&#8221;]please note: I no longer do mixtapes &#8211; most download links are dead &#8211; use the contact form, ask nicely and I might reup old stuff\u00a0 by request[\/vc_cta][vc_masonry_grid post_type=&#8221;post&#8221; max_items=&#8221;120&#8243; element_width=&#8221;2&#8243; gap=&#8221;10&#8243; item=&#8221;8946&#8243; arrows_design=&#8221;none&#8221; arrows_position=&#8221;inside&#8221; arrows_color=&#8221;blue&#8221; paging_design=&#8221;radio_dots&#8221; paging_color=&#8221;grey&#8221; loop=&#8221;&#8221; autoplay=&#8221;-1&#8243; taxonomies=&#8221;4&#8243; grid_id=&#8221;vc_gid:1548936988522-c4eb08dc-003d-8&#8243;][\/vc_column][\/vc_row]<\/p>\n","protected":false},"excerpt":{"rendered":"<p>[vc_row][vc_column][vc_cta h2=&#8221;&#8221; txt_align=&#8221;center&#8221; css=&#8221;.vc_custom_1548937027291{margin-top: 10px !important;margin-bottom: -20px !important;}&#8221;]please note: I no longer do mixtapes &#8211; most download links are dead &#8211; use the contact form, ask nicely and I might reup old stuff\u00a0 by request[\/vc_cta][vc_masonry_grid post_type=&#8221;post&#8221; max_items=&#8221;120&#8243; element_width=&#8221;2&#8243; gap=&#8221;10&#8243; item=&#8221;8946&#8243; arrows_design=&#8221;none&#8221; arrows_position=&#8221;inside&#8221; arrows_color=&#8221;blue&#8221; paging_design=&#8221;radio_dots&#8221; paging_color=&#8221;grey&#8221; loop=&#8221;&#8221; autoplay=&#8221;-1&#8243; taxonomies=&#8221;4&#8243; grid_id=&#8221;vc_gid:1548936988522-c4eb08dc-003d-8&#8243;][\/vc_column][\/vc_row]<\/p>\n","protected":false},"author":1,"featured_media":0,"parent":0,"menu_order":0,"comment_status":"closed","ping_status":"closed","template":"","meta":{"neve_meta_sidebar":"","neve_meta_container":"","neve_meta_enable_content_width":"","neve_meta_content_width":0,"neve_meta_title_alignment":"","neve_meta_author_avatar":"","neve_post_elements_order":"","neve_meta_disable_header":"","neve_meta_disable_footer":"","neve_meta_disable_title":"","jetpack_post_was_ever_published":false,"footnotes":""},"class_list":["post-8851","page","type-page","status-publish","hentry"],"jetpack_shortlink":"https:\/\/wp.me\/P4i7cB-2iL","jetpack_sharing_enabled":true,"jetpack-related-posts":[{"id":10610,"url":"https:\/\/yuri.com.br\/claudio\/terra-do-nunca\/","url_meta":{"origin":8851,"position":0},"title":"Terra do Nunca","author":"Cl\u00e1udio Brisighello","date":"21\/jun\/2021","format":false,"excerpt":"[vc_row][vc_column][vc_empty_space height=\"52px\"][vc_column_text] TERRA DO NUNCA: senta que l\u00e1 vem text\u00e3o, desses que n\u00e3o cabe em timeline... [\/vc_column_text][vc_single_image image=\"10611\" img_size=\"1600\" alignment=\"center\" style=\"vc_box_rounded\" css_animation=\"fadeIn\" css=\".vc_custom_1689089398661{margin-bottom: 5px !important;}\"][vc_column_text] Quando um projeto deixa de ser guerra, para se tornar igreja... [\/vc_column_text][vc_column_text] No calor do fim de outubro, 2020, uma motiva\u00e7\u00e3o sob circunst\u00e2ncias in\u00e9ditas me\u2026","rel":"","context":"Post similar","block_context":{"text":"Post similar","link":""},"img":{"alt_text":"","src":"https:\/\/i0.wp.com\/yuri.com.br\/claudio\/wp-content\/uploads\/2021\/06\/sd1.jpg?resize=350%2C200&ssl=1","width":350,"height":200,"srcset":"https:\/\/i0.wp.com\/yuri.com.br\/claudio\/wp-content\/uploads\/2021\/06\/sd1.jpg?resize=350%2C200&ssl=1 1x, https:\/\/i0.wp.com\/yuri.com.br\/claudio\/wp-content\/uploads\/2021\/06\/sd1.jpg?resize=525%2C300&ssl=1 1.5x, https:\/\/i0.wp.com\/yuri.com.br\/claudio\/wp-content\/uploads\/2021\/06\/sd1.jpg?resize=700%2C400&ssl=1 2x, https:\/\/i0.wp.com\/yuri.com.br\/claudio\/wp-content\/uploads\/2021\/06\/sd1.jpg?resize=1050%2C600&ssl=1 3x, https:\/\/i0.wp.com\/yuri.com.br\/claudio\/wp-content\/uploads\/2021\/06\/sd1.jpg?resize=1400%2C800&ssl=1 4x"},"classes":[]},{"id":10177,"url":"https:\/\/yuri.com.br\/claudio\/botequim-carioca\/","url_meta":{"origin":8851,"position":1},"title":"Botequim carioca","author":"Cl\u00e1udio Brisighello","date":"27\/out\/2018","format":false,"excerpt":"[vc_row][vc_column][vc_empty_space height=\"52px\"][vc_text_separator title=\"BOTEQUIM CARIOCA\" i_icon_fontawesome=\"fas fa-beer\" i_color=\"black\" title_align=\"separator_align_left\" align=\"align_left\" style=\"shadow\" add_icon=\"true\"][vc_column_text] \u00a0 \u00a0 \u00a0 Ap\u00f3s deixar o Rio de Janeiro, devo aqui umas anota\u00e7\u00f5es sobre algo que muito me transformou nessa babil\u00f4nia. Achei melhor escrever logo antes que minha falha mem\u00f3ria deixe algumas importantes emo\u00e7\u00f5es para tr\u00e1s... \u00a0 \u00a0 \u00a0Me\u2026","rel":"","context":"Post similar","block_context":{"text":"Post similar","link":""},"img":{"alt_text":"","src":"","width":0,"height":0},"classes":[]},{"id":9229,"url":"https:\/\/yuri.com.br\/claudio\/criando-seu-proprio-levain\/","url_meta":{"origin":8851,"position":2},"title":"Fazendo o seu pr\u00f3prio levain","author":"Cl\u00e1udio Brisighello","date":"31\/jul\/2015","format":false,"excerpt":"[vc_row][vc_column][vc_single_image image=\"9361\" img_size=\"full\" alignment=\"center\"][vc_text_separator title=\"CRIANDO A SUA PR\u00d3PRIA CULTURA\" i_icon_fontawesome=\"fas fa-hand-point-right\" i_color=\"black\" i_size=\"sm\" title_align=\"separator_align_left\" border_width=\"4\" add_icon=\"true\"][vc_column_text] \u00a0 \u00a0 \u00a0O m\u00e9todo a seguir \u00e9 baseado em livros e \u201creceitas\u201d de profissionais, mas n\u00e3o h\u00e1 segredo algum, o processo se desencadeia a partir do momento em que se hidrata a farinha e\u2026","rel":"","context":"Post similar","block_context":{"text":"Post similar","link":""},"img":{"alt_text":"","src":"","width":0,"height":0},"classes":[]},{"id":9205,"url":"https:\/\/yuri.com.br\/claudio\/fermentacao-natural\/","url_meta":{"origin":8851,"position":3},"title":"Fermenta\u00e7\u00e3o natural","author":"Cl\u00e1udio Brisighello","date":"31\/jul\/2015","format":false,"excerpt":"[vc_row][vc_column][vc_single_image image=\"9302\" img_size=\"full\" alignment=\"center\"][vc_text_separator title=\"SOBRE O AUTOR\" i_icon_fontawesome=\"fas fa-hand-point-right\" i_color=\"black\" i_size=\"sm\" title_align=\"separator_align_left\" border_width=\"4\" add_icon=\"true\" css=\".vc_custom_1689084950338{padding-bottom: -4px !important;}\"][vc_column_text] \u00a0 \u00a0 \u00a0Primeiramente, ressalto que esta s\u00e9rie de postagens n\u00e3o substitui um curso presencial de panifica\u00e7\u00e3o. No entanto, gosto de buscar e disseminar conhecimento, e desejo dar oportunidade \u00e0queles que n\u00e3o podem pagar\u2026","rel":"","context":"Post similar","block_context":{"text":"Post similar","link":""},"img":{"alt_text":"","src":"https:\/\/i0.wp.com\/yuri.com.br\/claudio\/wp-content\/uploads\/2015\/07\/Fatia.jpg?resize=350%2C200&ssl=1","width":350,"height":200,"srcset":"https:\/\/i0.wp.com\/yuri.com.br\/claudio\/wp-content\/uploads\/2015\/07\/Fatia.jpg?resize=350%2C200&ssl=1 1x, https:\/\/i0.wp.com\/yuri.com.br\/claudio\/wp-content\/uploads\/2015\/07\/Fatia.jpg?resize=525%2C300&ssl=1 1.5x, https:\/\/i0.wp.com\/yuri.com.br\/claudio\/wp-content\/uploads\/2015\/07\/Fatia.jpg?resize=700%2C400&ssl=1 2x, https:\/\/i0.wp.com\/yuri.com.br\/claudio\/wp-content\/uploads\/2015\/07\/Fatia.jpg?resize=1050%2C600&ssl=1 3x"},"classes":[]},{"id":9305,"url":"https:\/\/yuri.com.br\/claudio\/pao-basico\/","url_meta":{"origin":8851,"position":4},"title":"O p\u00e3o b\u00e1sico de fermenta\u00e7\u00e3o natural","author":"Cl\u00e1udio Brisighello","date":"9\/ago\/2015","format":false,"excerpt":"[vc_row][vc_column][vc_single_image image=\"9673\" img_size=\"full\" alignment=\"center\"][vc_text_separator title=\"O P\u00c3O B\u00c1SICO\" i_icon_fontawesome=\"fas fa-hand-point-right\" i_color=\"black\" i_size=\"sm\" title_align=\"separator_align_left\" border_width=\"4\" add_icon=\"true\" css=\".vc_custom_1689086531307{margin-top: 40px !important;}\"][vc_column_text] \u00a0 \u00a0 \u00a0Agora que entendemos um pouco sobre a\u00a0fermenta\u00e7\u00e3o natural\u00a0e como fazer o nosso pr\u00f3prio levain, vamos finalmente ao que interessa. Mas se voc\u00ea chegou aqui \u00e0 procura de uma r\u00e1pida \"receita de\u2026","rel":"","context":"Post similar","block_context":{"text":"Post similar","link":""},"img":{"alt_text":"","src":"","width":0,"height":0},"classes":[]}],"_links":{"self":[{"href":"https:\/\/yuri.com.br\/claudio\/wp-json\/wp\/v2\/pages\/8851","targetHints":{"allow":["GET"]}}],"collection":[{"href":"https:\/\/yuri.com.br\/claudio\/wp-json\/wp\/v2\/pages"}],"about":[{"href":"https:\/\/yuri.com.br\/claudio\/wp-json\/wp\/v2\/types\/page"}],"author":[{"embeddable":true,"href":"https:\/\/yuri.com.br\/claudio\/wp-json\/wp\/v2\/users\/1"}],"replies":[{"embeddable":true,"href":"https:\/\/yuri.com.br\/claudio\/wp-json\/wp\/v2\/comments?post=8851"}],"version-history":[{"count":31,"href":"https:\/\/yuri.com.br\/claudio\/wp-json\/wp\/v2\/pages\/8851\/revisions"}],"predecessor-version":[{"id":10265,"href":"https:\/\/yuri.com.br\/claudio\/wp-json\/wp\/v2\/pages\/8851\/revisions\/10265"}],"wp:attachment":[{"href":"https:\/\/yuri.com.br\/claudio\/wp-json\/wp\/v2\/media?parent=8851"}],"curies":[{"name":"wp","href":"https:\/\/api.w.org\/{rel}","templated":true}]}}