{"id":4979,"date":"2013-05-08T14:41:01","date_gmt":"2013-05-08T14:41:01","guid":{"rendered":"http:\/\/claudiobr.wordpress.com\/?page_id=4979"},"modified":"2024-11-29T18:58:04","modified_gmt":"2024-11-29T18:58:04","slug":"landscapes","status":"publish","type":"page","link":"https:\/\/yuri.com.br\/claudio\/landscapes\/","title":{"rendered":"Paisagem"},"content":{"rendered":"<p>[vc_row][vc_column][vc_masonry_media_grid element_width=&#8221;2&#8243; item=&#8221;masonryMedia_SolidBlurOut&#8221; initial_loading_animation=&#8221;fadeIn&#8221; grid_id=&#8221;vc_gid:1732906210961-4176a56d-cba0-10&#8243; include=&#8221;4983,4989,4981,4988,4982,4992,4980,4985,4986,4984,4993,4994,4998,4987,9636,9637,9638,9639,9640,9641,9767,10830,10833,11083,11185,11196,11195,11194,11193,11198,11192,11177,11204,11179,11178,11187,11171,11169,11173,11224,11225,11226,11227&#8243;][\/vc_column][\/vc_row][vc_row][vc_column][vc_empty_space height=&#8221;22px&#8221;][vc_custom_heading text=&#8221;acervo desde 2000&#8243; font_container=&#8221;tag:div|font_size:10|text_align:right|color:%23565656|line_height:10px&#8221; google_fonts=&#8221;font_family:Nothing%20You%20Could%20Do%3Aregular|font_style:400%20regular%3A400%3Anormal&#8221;][vc_custom_heading text=&#8221;imagens +antigas = baixa resolu\u00e7\u00e3o&#8221; font_container=&#8221;tag:div|font_size:10|text_align:right|color:%23c4c4c4|line_height:10px&#8221; google_fonts=&#8221;font_family:Oswald%3A300%2Cregular%2C700|font_style:300%20light%20regular%3A300%3Anormal&#8221;][vc_empty_space height=&#8221;22px&#8221;][\/vc_column][\/vc_row]<\/p>\n","protected":false},"excerpt":{"rendered":"<p>[vc_row][vc_column][vc_masonry_media_grid element_width=&#8221;2&#8243; item=&#8221;masonryMedia_SolidBlurOut&#8221; initial_loading_animation=&#8221;fadeIn&#8221; grid_id=&#8221;vc_gid:1732906210961-4176a56d-cba0-10&#8243; include=&#8221;4983,4989,4981,4988,4982,4992,4980,4985,4986,4984,4993,4994,4998,4987,9636,9637,9638,9639,9640,9641,9767,10830,10833,11083,11185,11196,11195,11194,11193,11198,11192,11177,11204,11179,11178,11187,11171,11169,11173,11224,11225,11226,11227&#8243;][\/vc_column][\/vc_row][vc_row][vc_column][vc_empty_space height=&#8221;22px&#8221;][vc_custom_heading text=&#8221;acervo desde 2000&#8243; font_container=&#8221;tag:div|font_size:10|text_align:right|color:%23565656|line_height:10px&#8221; google_fonts=&#8221;font_family:Nothing%20You%20Could%20Do%3Aregular|font_style:400%20regular%3A400%3Anormal&#8221;][vc_custom_heading text=&#8221;imagens +antigas = baixa resolu\u00e7\u00e3o&#8221; font_container=&#8221;tag:div|font_size:10|text_align:right|color:%23c4c4c4|line_height:10px&#8221; google_fonts=&#8221;font_family:Oswald%3A300%2Cregular%2C700|font_style:300%20light%20regular%3A300%3Anormal&#8221;][vc_empty_space height=&#8221;22px&#8221;][\/vc_column][\/vc_row]<\/p>\n","protected":false},"author":2,"featured_media":4980,"parent":0,"menu_order":3,"comment_status":"closed","ping_status":"closed","template":"","meta":{"neve_meta_sidebar":"","neve_meta_container":"","neve_meta_enable_content_width":"off","neve_meta_content_width":100,"neve_meta_title_alignment":"","neve_meta_author_avatar":"","neve_post_elements_order":"","neve_meta_disable_header":"","neve_meta_disable_footer":"","neve_meta_disable_title":"","jetpack_post_was_ever_published":false,"footnotes":""},"class_list":["post-4979","page","type-page","status-publish","has-post-thumbnail","hentry"],"jetpack_shortlink":"https:\/\/wp.me\/P4i7cB-1ij","jetpack_sharing_enabled":true,"jetpack-related-posts":[{"id":8851,"url":"https:\/\/yuri.com.br\/claudio\/mixtape\/","url_meta":{"origin":4979,"position":0},"title":"MIXTAPES","author":"Cl\u00e1udio Brisighello","date":"6\/abr\/2015","format":false,"excerpt":"[vc_row][vc_column][vc_cta h2=\"\" txt_align=\"center\" css=\".vc_custom_1548937027291{margin-top: 10px !important;margin-bottom: -20px !important;}\"]please note: I no longer do mixtapes - most download links are dead - use the contact form, ask nicely and I might reup old stuff\u00a0 by request[\/vc_cta][vc_masonry_grid post_type=\"post\" max_items=\"120\" element_width=\"2\" gap=\"10\" item=\"8946\" arrows_design=\"none\" arrows_position=\"inside\" arrows_color=\"blue\" paging_design=\"radio_dots\" paging_color=\"grey\" loop=\"\" autoplay=\"-1\" taxonomies=\"4\" grid_id=\"vc_gid:1548936988522-c4eb08dc-003d-8\"][\/vc_column][\/vc_row]","rel":"","context":"Post similar","block_context":{"text":"Post similar","link":""},"img":{"alt_text":"","src":"","width":0,"height":0},"classes":[]},{"id":7173,"url":"https:\/\/yuri.com.br\/claudio\/baixa-gastronomia\/","url_meta":{"origin":4979,"position":1},"title":"Baixa Gastronomia","author":"Cl\u00e1udio Brisighello","date":"3\/fev\/2014","format":false,"excerpt":"[vc_row fullwidth=\"true\" attached=\"false\" padding=\"0\"][vc_column width=\"1\/1\"][vc_column_text disable_pattern=\"false\" align=\"center\" margin_bottom=\"4\"] Posts da categoria: 'Baixa' Gastronomia [\/vc_column_text][vc_masonry_grid post_type=\"post\" max_items=\"120\" style=\"lazy\" items_per_page=\"12\" show_filter=\"\" element_width=\"2\" gap=\"10\" orderby=\"date\" order=\"DESC\" filter_source=\"category\" filter_style=\"default-less-rounded\" filter_align=\"center\" filter_color=\"grey\" filter_size=\"sm\" button_style=\"rounded\" button_color=\"mulled_wine\" button_size=\"sm\" arrows_design=\"none\" arrows_position=\"inside\" arrows_color=\"blue\" paging_design=\"radio_dots\" paging_color=\"grey\" loop=\"\" autoplay=\"-1\" item=\"8946\" taxonomies=\"2\"][\/vc_column][\/vc_row]","rel":"","context":"Post similar","block_context":{"text":"Post similar","link":""},"img":{"alt_text":"","src":"","width":0,"height":0},"classes":[]},{"id":10554,"url":"https:\/\/yuri.com.br\/claudio\/sobre-boulders-e-plaquinhas\/","url_meta":{"origin":4979,"position":2},"title":"Sobre boulders e plaquinhas","author":"Cl\u00e1udio Brisighello","date":"31\/maio\/2021","format":false,"excerpt":"[vc_row][vc_column][vc_empty_space height=\"44px\"][vc_text_separator title=\"SOBRE BOULDERS E PLAQUINHAS\" i_icon_fontawesome=\"fas fa-exclamation-circle\" i_color=\"custom\" i_size=\"sm\" title_align=\"separator_align_left\" border_width=\"4\" add_icon=\"true\" i_custom_color=\"#cc2424\"][vc_column_text] \u00a0 \u00a0 Desde a chegada da pandemia em 2020, as poucas op\u00e7\u00f5es me levaram de volta \u00e0 Pedra do Cruzeiro em Gon\u00e7alves, local que eu n\u00e3o frequentava h\u00e1 6 anos, exceto espor\u00e1dicas visitas aos propriet\u00e1rios para\u2026","rel":"","context":"Post similar","block_context":{"text":"Post similar","link":""},"img":{"alt_text":"","src":"https:\/\/i0.wp.com\/yuri.com.br\/claudio\/wp-content\/uploads\/2021\/05\/croquis.jpg?resize=350%2C200&ssl=1","width":350,"height":200,"srcset":"https:\/\/i0.wp.com\/yuri.com.br\/claudio\/wp-content\/uploads\/2021\/05\/croquis.jpg?resize=350%2C200&ssl=1 1x, https:\/\/i0.wp.com\/yuri.com.br\/claudio\/wp-content\/uploads\/2021\/05\/croquis.jpg?resize=525%2C300&ssl=1 1.5x, https:\/\/i0.wp.com\/yuri.com.br\/claudio\/wp-content\/uploads\/2021\/05\/croquis.jpg?resize=700%2C400&ssl=1 2x, https:\/\/i0.wp.com\/yuri.com.br\/claudio\/wp-content\/uploads\/2021\/05\/croquis.jpg?resize=1050%2C600&ssl=1 3x, https:\/\/i0.wp.com\/yuri.com.br\/claudio\/wp-content\/uploads\/2021\/05\/croquis.jpg?resize=1400%2C800&ssl=1 4x"},"classes":[]},{"id":9305,"url":"https:\/\/yuri.com.br\/claudio\/pao-basico\/","url_meta":{"origin":4979,"position":3},"title":"O p\u00e3o b\u00e1sico de fermenta\u00e7\u00e3o natural","author":"Cl\u00e1udio Brisighello","date":"9\/ago\/2015","format":false,"excerpt":"[vc_row][vc_column][vc_single_image image=\"9673\" img_size=\"full\" alignment=\"center\"][vc_text_separator title=\"O P\u00c3O B\u00c1SICO\" i_icon_fontawesome=\"fas fa-hand-point-right\" i_color=\"black\" i_size=\"sm\" title_align=\"separator_align_left\" border_width=\"4\" add_icon=\"true\" css=\".vc_custom_1689086531307{margin-top: 40px !important;}\"][vc_column_text] \u00a0 \u00a0 \u00a0Agora que entendemos um pouco sobre a\u00a0fermenta\u00e7\u00e3o natural\u00a0e como fazer o nosso pr\u00f3prio levain, vamos finalmente ao que interessa. Mas se voc\u00ea chegou aqui \u00e0 procura de uma r\u00e1pida \"receita de\u2026","rel":"","context":"Post similar","block_context":{"text":"Post similar","link":""},"img":{"alt_text":"","src":"","width":0,"height":0},"classes":[]},{"id":9205,"url":"https:\/\/yuri.com.br\/claudio\/fermentacao-natural\/","url_meta":{"origin":4979,"position":4},"title":"Fermenta\u00e7\u00e3o natural","author":"Cl\u00e1udio Brisighello","date":"31\/jul\/2015","format":false,"excerpt":"[vc_row][vc_column][vc_single_image image=\"9302\" img_size=\"full\" alignment=\"center\"][vc_text_separator title=\"SOBRE O AUTOR\" i_icon_fontawesome=\"fas fa-hand-point-right\" i_color=\"black\" i_size=\"sm\" title_align=\"separator_align_left\" border_width=\"4\" add_icon=\"true\" css=\".vc_custom_1689084950338{padding-bottom: -4px !important;}\"][vc_column_text] \u00a0 \u00a0 \u00a0Primeiramente, ressalto que esta s\u00e9rie de postagens n\u00e3o substitui um curso presencial de panifica\u00e7\u00e3o. No entanto, gosto de buscar e disseminar conhecimento, e desejo dar oportunidade \u00e0queles que n\u00e3o podem pagar\u2026","rel":"","context":"Post similar","block_context":{"text":"Post similar","link":""},"img":{"alt_text":"","src":"https:\/\/i0.wp.com\/yuri.com.br\/claudio\/wp-content\/uploads\/2015\/07\/Fatia.jpg?resize=350%2C200&ssl=1","width":350,"height":200,"srcset":"https:\/\/i0.wp.com\/yuri.com.br\/claudio\/wp-content\/uploads\/2015\/07\/Fatia.jpg?resize=350%2C200&ssl=1 1x, https:\/\/i0.wp.com\/yuri.com.br\/claudio\/wp-content\/uploads\/2015\/07\/Fatia.jpg?resize=525%2C300&ssl=1 1.5x, https:\/\/i0.wp.com\/yuri.com.br\/claudio\/wp-content\/uploads\/2015\/07\/Fatia.jpg?resize=700%2C400&ssl=1 2x, https:\/\/i0.wp.com\/yuri.com.br\/claudio\/wp-content\/uploads\/2015\/07\/Fatia.jpg?resize=1050%2C600&ssl=1 3x"},"classes":[]},{"id":7192,"url":"https:\/\/yuri.com.br\/claudio\/tick-list\/","url_meta":{"origin":4979,"position":5},"title":"Tick list","author":"Cl\u00e1udio Brisighello","date":"5\/fev\/2014","format":false,"excerpt":"[vc_row][vc_column][vc_column_text css=\".vc_custom_1721234079305{background-color: #dbdbdb !important;}\"] local setor data grau \u00a0 nome rp\/os\/fl obs. coment\u00e1rios PARAIS\u00d3POLIS VENTOS 17\/Jul\/2024 V11 *** VIOLENTAS E FR\u00c1GEIS redpoint FA Negativ\u00e3o surpreendeu PARAIS\u00d3POLIS VENTOS 15\/Jul\/2024 V12 *** VELHA CHAMA redpoint FA E o velhinho ainda \u201cchama\u201d PARAIS\u00d3POLIS VENTOS 13\/Jul\/2024 V5 *** SEM DELONGAS redpoint \u00a0 Extens\u00e3o ficou\u2026","rel":"","context":"Post similar","block_context":{"text":"Post similar","link":""},"img":{"alt_text":"","src":"","width":0,"height":0},"classes":[]}],"_links":{"self":[{"href":"https:\/\/yuri.com.br\/claudio\/wp-json\/wp\/v2\/pages\/4979","targetHints":{"allow":["GET"]}}],"collection":[{"href":"https:\/\/yuri.com.br\/claudio\/wp-json\/wp\/v2\/pages"}],"about":[{"href":"https:\/\/yuri.com.br\/claudio\/wp-json\/wp\/v2\/types\/page"}],"author":[{"embeddable":true,"href":"https:\/\/yuri.com.br\/claudio\/wp-json\/wp\/v2\/users\/2"}],"replies":[{"embeddable":true,"href":"https:\/\/yuri.com.br\/claudio\/wp-json\/wp\/v2\/comments?post=4979"}],"version-history":[{"count":27,"href":"https:\/\/yuri.com.br\/claudio\/wp-json\/wp\/v2\/pages\/4979\/revisions"}],"predecessor-version":[{"id":11228,"href":"https:\/\/yuri.com.br\/claudio\/wp-json\/wp\/v2\/pages\/4979\/revisions\/11228"}],"wp:featuredmedia":[{"embeddable":true,"href":"https:\/\/yuri.com.br\/claudio\/wp-json\/wp\/v2\/media\/4980"}],"wp:attachment":[{"href":"https:\/\/yuri.com.br\/claudio\/wp-json\/wp\/v2\/media?parent=4979"}],"curies":[{"name":"wp","href":"https:\/\/api.w.org\/{rel}","templated":true}]}}