{"id":4965,"date":"2013-05-08T13:45:13","date_gmt":"2013-05-08T13:45:13","guid":{"rendered":"http:\/\/claudiobr.wordpress.com\/?page_id=4965"},"modified":"2023-07-11T17:26:44","modified_gmt":"2023-07-11T17:26:44","slug":"indoor","status":"publish","type":"page","link":"https:\/\/yuri.com.br\/claudio\/indoor\/","title":{"rendered":"Indoor"},"content":{"rendered":"<p>[vc_row][vc_column][vc_masonry_media_grid element_width=&#8221;2&#8243; item=&#8221;masonryMedia_SolidBlurOut&#8221; initial_loading_animation=&#8221;fadeIn&#8221; grid_id=&#8221;vc_gid:1540477844238-4a853077-cc4c-6&#8243; include=&#8221;4972,4970,4966,4971,4969,4973,4968,4967,5561,5559,5560,9554,9657,9658&#8243;][\/vc_column][\/vc_row]<\/p>\n<p>[vc_row][vc_column][vc_empty_space height=&#8221;22px&#8221;][vc_custom_heading text=&#8221;acervo desde 2000&#8243; font_container=&#8221;tag:div|font_size:6|text_align:right|color:%23565656|line_height:10px&#8221; google_fonts=&#8221;font_family:Nothing%20You%20Could%20Do%3Aregular|font_style:400%20regular%3A400%3Anormal&#8221;][vc_custom_heading text=&#8221;imagens +antigas = baixa resolu\u00e7\u00e3o&#8221; font_container=&#8221;tag:div|font_size:6|text_align:right|color:%23c4c4c4|line_height:8px&#8221; google_fonts=&#8221;font_family:Oswald%3A300%2Cregular%2C700|font_style:300%20light%20regular%3A300%3Anormal&#8221;][\/vc_column][\/vc_row]<\/p>\n","protected":false},"excerpt":{"rendered":"<p>[vc_row][vc_column][vc_masonry_media_grid element_width=&#8221;2&#8243; item=&#8221;masonryMedia_SolidBlurOut&#8221; initial_loading_animation=&#8221;fadeIn&#8221; grid_id=&#8221;vc_gid:1540477844238-4a853077-cc4c-6&#8243; include=&#8221;4972,4970,4966,4971,4969,4973,4968,4967,5561,5559,5560,9554,9657,9658&#8243;][\/vc_column][\/vc_row] [vc_row][vc_column][vc_empty_space height=&#8221;22px&#8221;][vc_custom_heading text=&#8221;acervo desde 2000&#8243; font_container=&#8221;tag:div|font_size:6|text_align:right|color:%23565656|line_height:10px&#8221; google_fonts=&#8221;font_family:Nothing%20You%20Could%20Do%3Aregular|font_style:400%20regular%3A400%3Anormal&#8221;][vc_custom_heading text=&#8221;imagens +antigas = baixa resolu\u00e7\u00e3o&#8221; font_container=&#8221;tag:div|font_size:6|text_align:right|color:%23c4c4c4|line_height:8px&#8221; google_fonts=&#8221;font_family:Oswald%3A300%2Cregular%2C700|font_style:300%20light%20regular%3A300%3Anormal&#8221;][\/vc_column][\/vc_row]<\/p>\n","protected":false},"author":2,"featured_media":4966,"parent":0,"menu_order":1,"comment_status":"closed","ping_status":"closed","template":"","meta":{"neve_meta_sidebar":"","neve_meta_container":"","neve_meta_enable_content_width":"","neve_meta_content_width":0,"neve_meta_title_alignment":"","neve_meta_author_avatar":"","neve_post_elements_order":"","neve_meta_disable_header":"","neve_meta_disable_footer":"","neve_meta_disable_title":"","jetpack_post_was_ever_published":false,"footnotes":""},"class_list":["post-4965","page","type-page","status-publish","has-post-thumbnail","hentry"],"jetpack_shortlink":"https:\/\/wp.me\/P4i7cB-1i5","jetpack_sharing_enabled":true,"jetpack-related-posts":[{"id":10554,"url":"https:\/\/yuri.com.br\/claudio\/sobre-boulders-e-plaquinhas\/","url_meta":{"origin":4965,"position":0},"title":"Sobre boulders e plaquinhas","author":"Cl\u00e1udio Brisighello","date":"31\/maio\/2021","format":false,"excerpt":"[vc_row][vc_column][vc_empty_space height=\"44px\"][vc_text_separator title=\"SOBRE BOULDERS E PLAQUINHAS\" i_icon_fontawesome=\"fas fa-exclamation-circle\" i_color=\"custom\" i_size=\"sm\" title_align=\"separator_align_left\" border_width=\"4\" add_icon=\"true\" i_custom_color=\"#cc2424\"][vc_column_text] \u00a0 \u00a0 Desde a chegada da pandemia em 2020, as poucas op\u00e7\u00f5es me levaram de volta \u00e0 Pedra do Cruzeiro em Gon\u00e7alves, local que eu n\u00e3o frequentava h\u00e1 6 anos, exceto espor\u00e1dicas visitas aos propriet\u00e1rios para\u2026","rel":"","context":"Post similar","block_context":{"text":"Post similar","link":""},"img":{"alt_text":"","src":"https:\/\/i0.wp.com\/yuri.com.br\/claudio\/wp-content\/uploads\/2021\/05\/croquis.jpg?resize=350%2C200&ssl=1","width":350,"height":200,"srcset":"https:\/\/i0.wp.com\/yuri.com.br\/claudio\/wp-content\/uploads\/2021\/05\/croquis.jpg?resize=350%2C200&ssl=1 1x, https:\/\/i0.wp.com\/yuri.com.br\/claudio\/wp-content\/uploads\/2021\/05\/croquis.jpg?resize=525%2C300&ssl=1 1.5x, https:\/\/i0.wp.com\/yuri.com.br\/claudio\/wp-content\/uploads\/2021\/05\/croquis.jpg?resize=700%2C400&ssl=1 2x, https:\/\/i0.wp.com\/yuri.com.br\/claudio\/wp-content\/uploads\/2021\/05\/croquis.jpg?resize=1050%2C600&ssl=1 3x, https:\/\/i0.wp.com\/yuri.com.br\/claudio\/wp-content\/uploads\/2021\/05\/croquis.jpg?resize=1400%2C800&ssl=1 4x"},"classes":[]},{"id":9606,"url":"https:\/\/yuri.com.br\/claudio\/fontainebleau-2017\/","url_meta":{"origin":4965,"position":1},"title":"Fontainebleau 2017","author":"Cl\u00e1udio Brisighello","date":"27\/nov\/2017","format":false,"excerpt":"[vc_row][vc_column][vc_empty_space height=\"44px\"][vc_text_separator title=\"OUTONO DE 2017 EM FONTAINEBLEAU\" border_width=\"4\"][vc_column_text] \u00a0 \u00a0 \u00a0Fontainebleau dispensa apresenta\u00e7\u00f5es, afinal se trata de um dos ber\u00e7os hist\u00f3ricos do bouldering, com escaladas que beiram um s\u00e9culo de exist\u00eancia. Ent\u00e3o vou apenas refor\u00e7ar o coro: \u00e9 um destino \"pacote completo\". Linhas infinitas, cen\u00e1rios magn\u00edficos, cultura hist\u00f3rica, sem falar\u2026","rel":"","context":"Post similar","block_context":{"text":"Post similar","link":""},"img":{"alt_text":"","src":"","width":0,"height":0},"classes":[]},{"id":10177,"url":"https:\/\/yuri.com.br\/claudio\/botequim-carioca\/","url_meta":{"origin":4965,"position":2},"title":"Botequim carioca","author":"Cl\u00e1udio Brisighello","date":"27\/out\/2018","format":false,"excerpt":"[vc_row][vc_column][vc_empty_space height=\"52px\"][vc_text_separator title=\"BOTEQUIM CARIOCA\" i_icon_fontawesome=\"fas fa-beer\" i_color=\"black\" title_align=\"separator_align_left\" align=\"align_left\" style=\"shadow\" add_icon=\"true\"][vc_column_text] \u00a0 \u00a0 \u00a0 Ap\u00f3s deixar o Rio de Janeiro, devo aqui umas anota\u00e7\u00f5es sobre algo que muito me transformou nessa babil\u00f4nia. Achei melhor escrever logo antes que minha falha mem\u00f3ria deixe algumas importantes emo\u00e7\u00f5es para tr\u00e1s... \u00a0 \u00a0 \u00a0Me\u2026","rel":"","context":"Post similar","block_context":{"text":"Post similar","link":""},"img":{"alt_text":"","src":"","width":0,"height":0},"classes":[]},{"id":9205,"url":"https:\/\/yuri.com.br\/claudio\/fermentacao-natural\/","url_meta":{"origin":4965,"position":3},"title":"Fermenta\u00e7\u00e3o natural","author":"Cl\u00e1udio Brisighello","date":"31\/jul\/2015","format":false,"excerpt":"[vc_row][vc_column][vc_single_image image=\"9302\" img_size=\"full\" alignment=\"center\"][vc_text_separator title=\"SOBRE O AUTOR\" i_icon_fontawesome=\"fas fa-hand-point-right\" i_color=\"black\" i_size=\"sm\" title_align=\"separator_align_left\" border_width=\"4\" add_icon=\"true\" css=\".vc_custom_1689084950338{padding-bottom: -4px !important;}\"][vc_column_text] \u00a0 \u00a0 \u00a0Primeiramente, ressalto que esta s\u00e9rie de postagens n\u00e3o substitui um curso presencial de panifica\u00e7\u00e3o. No entanto, gosto de buscar e disseminar conhecimento, e desejo dar oportunidade \u00e0queles que n\u00e3o podem pagar\u2026","rel":"","context":"Post similar","block_context":{"text":"Post similar","link":""},"img":{"alt_text":"","src":"https:\/\/i0.wp.com\/yuri.com.br\/claudio\/wp-content\/uploads\/2015\/07\/Fatia.jpg?resize=350%2C200&ssl=1","width":350,"height":200,"srcset":"https:\/\/i0.wp.com\/yuri.com.br\/claudio\/wp-content\/uploads\/2015\/07\/Fatia.jpg?resize=350%2C200&ssl=1 1x, https:\/\/i0.wp.com\/yuri.com.br\/claudio\/wp-content\/uploads\/2015\/07\/Fatia.jpg?resize=525%2C300&ssl=1 1.5x, https:\/\/i0.wp.com\/yuri.com.br\/claudio\/wp-content\/uploads\/2015\/07\/Fatia.jpg?resize=700%2C400&ssl=1 2x, https:\/\/i0.wp.com\/yuri.com.br\/claudio\/wp-content\/uploads\/2015\/07\/Fatia.jpg?resize=1050%2C600&ssl=1 3x"},"classes":[]},{"id":9305,"url":"https:\/\/yuri.com.br\/claudio\/pao-basico\/","url_meta":{"origin":4965,"position":4},"title":"O p\u00e3o b\u00e1sico de fermenta\u00e7\u00e3o natural","author":"Cl\u00e1udio Brisighello","date":"9\/ago\/2015","format":false,"excerpt":"[vc_row][vc_column][vc_single_image image=\"9673\" img_size=\"full\" alignment=\"center\"][vc_text_separator title=\"O P\u00c3O B\u00c1SICO\" i_icon_fontawesome=\"fas fa-hand-point-right\" i_color=\"black\" i_size=\"sm\" title_align=\"separator_align_left\" border_width=\"4\" add_icon=\"true\" css=\".vc_custom_1689086531307{margin-top: 40px !important;}\"][vc_column_text] \u00a0 \u00a0 \u00a0Agora que entendemos um pouco sobre a\u00a0fermenta\u00e7\u00e3o natural\u00a0e como fazer o nosso pr\u00f3prio levain, vamos finalmente ao que interessa. Mas se voc\u00ea chegou aqui \u00e0 procura de uma r\u00e1pida \"receita de\u2026","rel":"","context":"Post similar","block_context":{"text":"Post similar","link":""},"img":{"alt_text":"","src":"","width":0,"height":0},"classes":[]},{"id":10786,"url":"https:\/\/yuri.com.br\/claudio\/fontainebleau-2023\/","url_meta":{"origin":4965,"position":5},"title":"Fontainebleau 2023","author":"Fifi","date":"8\/maio\/2023","format":false,"excerpt":"[vc_row][vc_column][vc_empty_space height=\"44px\"][vc_text_separator title=\"PRIMAVERA DE 2023 EM FONTAINEBLEAU\" border_width=\"4\"][vc_column_text] \u00a0 \u00a0 \u00a0Em 13 anos ap\u00f3s meu \"\u00eaxodo urbano\", as viagens de f\u00e9rias se contam em uma m\u00e3o. Isso se deve a uma equa\u00e7\u00e3o dos seguintes fatores, por ordem de peso: vontade de viajar inversamente proporcional \u00e0 paz de esp\u00edrito (a necessidade\u2026","rel":"","context":"Post similar","block_context":{"text":"Post similar","link":""},"img":{"alt_text":"","src":"","width":0,"height":0},"classes":[]}],"_links":{"self":[{"href":"https:\/\/yuri.com.br\/claudio\/wp-json\/wp\/v2\/pages\/4965","targetHints":{"allow":["GET"]}}],"collection":[{"href":"https:\/\/yuri.com.br\/claudio\/wp-json\/wp\/v2\/pages"}],"about":[{"href":"https:\/\/yuri.com.br\/claudio\/wp-json\/wp\/v2\/types\/page"}],"author":[{"embeddable":true,"href":"https:\/\/yuri.com.br\/claudio\/wp-json\/wp\/v2\/users\/2"}],"replies":[{"embeddable":true,"href":"https:\/\/yuri.com.br\/claudio\/wp-json\/wp\/v2\/comments?post=4965"}],"version-history":[{"count":16,"href":"https:\/\/yuri.com.br\/claudio\/wp-json\/wp\/v2\/pages\/4965\/revisions"}],"predecessor-version":[{"id":10887,"href":"https:\/\/yuri.com.br\/claudio\/wp-json\/wp\/v2\/pages\/4965\/revisions\/10887"}],"wp:featuredmedia":[{"embeddable":true,"href":"https:\/\/yuri.com.br\/claudio\/wp-json\/wp\/v2\/media\/4966"}],"wp:attachment":[{"href":"https:\/\/yuri.com.br\/claudio\/wp-json\/wp\/v2\/media?parent=4965"}],"curies":[{"name":"wp","href":"https:\/\/api.w.org\/{rel}","templated":true}]}}