{"id":11015,"date":"2023-12-15T14:12:48","date_gmt":"2023-12-15T14:12:48","guid":{"rendered":"https:\/\/yuri.com.br\/claudio\/?page_id=11015"},"modified":"2023-12-16T14:57:32","modified_gmt":"2023-12-16T14:57:32","slug":"daruma","status":"publish","type":"page","link":"https:\/\/yuri.com.br\/claudio\/daruma\/","title":{"rendered":"Daruma"},"content":{"rendered":"<p>[vc_row][vc_column][vc_empty_space height=&#8221;52px&#8221;][vc_single_image image=&#8221;11016&#8243; img_size=&#8221;700&#8243; alignment=&#8221;center&#8221; style=&#8221;vc_box_rounded&#8221; css_animation=&#8221;fadeIn&#8221; css=&#8221;.vc_custom_1702648475857{margin-bottom: 5px !important;}&#8221;][vc_column_text]<\/p>\n<h6 style=\"text-align: center;\">momentos in\u00e9ditos: a descoberta do bloco e a 1a. sondada no imponente negativo (2014)<\/h6>\n<p>[\/vc_column_text][vc_column_text]<\/p>\n<h4 class=\"tabc\" style=\"text-align: left;\">DARUMA &#8211; muito al\u00e9m da primeira ascens\u00e3o<\/h4>\n<p>[\/vc_column_text][vc_column_text]Dia 1o. de setembro de 2023 finalizei o que veio a se chamar &#8220;Daruma&#8221;, mais um belo e dif\u00edcil boulder em Gon\u00e7alves\/MG. Na \u00e9poca eu compartilhei a alegria diretamente com amigos pr\u00f3ximos e familiares, e documentei devidamente no <a href=\"https:\/\/brasilboulder.info\/cruzeiro.pasto\/301002.html\" target=\"_blank\" rel=\"noopener\">brasilboulder.info<\/a>. Me restou editar uma bagun\u00e7a de filmagens registradas durante 3 temporadas. Consegui ter esse tempo agora em fim de ano. Como n\u00e3o uso o &#8220;Narcisogram&#8221; h\u00e1 5 anos, recentemente resolvi dar uma chance mais empenhada no Youtube, visto que sempre gostei de audiovisual e de me expressar nos temas que curto, como escalar, comer e beber. Antes eu tentei o &#8220;Xuitter&#8221;, que teve uma tentativa de migra\u00e7\u00e3o de fot\u00f3grafos (\u00f3rf\u00e3os de plataforma), mas sabemos que l\u00e1 \u00e9 bem conhecido pela toxicidade sem limites. E como meu site pessoal est\u00e1 virando pe\u00e7a de museu, veremos ent\u00e3o o quanto aguentarei o YT. Pois esses v\u00eddeos d\u00e3o muito trabalho!<\/p>\n<p>Para complementar o v\u00eddeo do Daruma, cito relatos e outros v\u00eddeos j\u00e1 publicados anteriormente:<\/p>\n<p>\ud83d\udd17 <a href=\"https:\/\/www.youtube.com\/watch?v=So2w7uSzIJM\" target=\"_blank\" rel=\"noopener\">youtube.com\/watch?v=So2w7uSzIJM<\/a> (#theREALthing V season finale)<br \/>\n\ud83d\udd17 <a href=\"https:\/\/yuri.com.br\/claudio\/terra-do-nunca\/\" target=\"_blank\" rel=\"noopener\">yuri.com.br\/claudio\/terra-do-nunca<\/a> (relato do boulder Terra do Nunca)<\/p>\n<p><em>Daruma<\/em> \u00e9 um boneco tradicional japon\u00eas. ChatGPT vai saber te explicar melhor sobre ele. A Yuri pintou o olho do nosso &#8220;daruminha&#8221; ap\u00f3s a conclus\u00e3o deste \u00faltimo projeto, ent\u00e3o eu n\u00e3o pensei 2 vezes e batizei o novo boulder de acordo. O fato \u00e9 que o Daruma foi mero c\u00famplice de uma miss\u00e3o muito maior nos \u00faltimos anos: trabalhar minha sa\u00fade para continuar desempenhando nesta atividade que escolhi como meu principal of\u00edcio de vida. Em tempos de transi\u00e7\u00f5es tecnol\u00f3gicas revolucion\u00e1rias onde as profiss\u00f5es come\u00e7am a deixar de sequestrar o nosso norte (lembrando que eu fugi desse &#8220;cativeiro&#8221; em 2010), hoje se eu tiver que me apresentar na fila do p\u00e3o eu me entitularia orgulhosamente como um simples escalador (sem o profissional).<\/p>\n<p><strong>O v\u00eddeo resultante visa motivar como sempre mas, nas entrelinhas, esconde os votos para que encontremos na vida um passatempo desses, inofensivo para o mundo ao seu redor, ao mesmo tempo que agressivo o suficiente para destruir todos os seus escudos. O aprendizado atravessa o ego e atinge a alma quando estamos indefesos. Vem o amadurecimento, que s\u00f3 perde o seu disfarce quando entendemos que jamais seremos maduros o suficiente e, aprender e se entregar diariamente, \u00e9 uma busca digna de se viver pelo resto dos dias. E foda-se aquela sua escalada mais impressionante.<\/strong><\/p>\n<p>https:\/\/www.youtube.com\/watch?v=6MupPJxtsiw[\/vc_column_text][vc_empty_space height=&#8221;36px&#8221;][vc_column_text]<\/p>\n<p style=\"text-align: right;\">15 de Dezembro de 2023<\/p>\n<p>[\/vc_column_text][\/vc_column][\/vc_row]<\/p>\n","protected":false},"excerpt":{"rendered":"<p>[vc_row][vc_column][vc_empty_space height=&#8221;52px&#8221;][vc_single_image image=&#8221;11016&#8243; img_size=&#8221;700&#8243; alignment=&#8221;center&#8221; style=&#8221;vc_box_rounded&#8221; css_animation=&#8221;fadeIn&#8221; css=&#8221;.vc_custom_1702648475857{margin-bottom: 5px !important;}&#8221;][vc_column_text] momentos in\u00e9ditos: a descoberta do bloco e a 1a. sondada no imponente negativo (2014) [\/vc_column_text][vc_column_text] DARUMA &#8211; muito al\u00e9m da primeira ascens\u00e3o [\/vc_column_text][vc_column_text]Dia 1o. de setembro de 2023 finalizei o que veio a se chamar &#8220;Daruma&#8221;, mais um belo e dif\u00edcil boulder em Gon\u00e7alves\/MG. Na&hellip;&nbsp;<a href=\"https:\/\/yuri.com.br\/claudio\/daruma\/\" rel=\"bookmark\">Continue a ler &raquo;<span class=\"screen-reader-text\">Daruma<\/span><\/a><\/p>\n","protected":false},"author":3,"featured_media":0,"parent":0,"menu_order":0,"comment_status":"closed","ping_status":"closed","template":"","meta":{"neve_meta_sidebar":"","neve_meta_container":"","neve_meta_enable_content_width":"off","neve_meta_content_width":100,"neve_meta_title_alignment":"","neve_meta_author_avatar":"","neve_post_elements_order":"","neve_meta_disable_header":"","neve_meta_disable_footer":"","neve_meta_disable_title":"","jetpack_post_was_ever_published":false,"footnotes":""},"class_list":["post-11015","page","type-page","status-publish","hentry"],"jetpack_shortlink":"https:\/\/wp.me\/P4i7cB-2RF","jetpack_sharing_enabled":true,"jetpack-related-posts":[],"_links":{"self":[{"href":"https:\/\/yuri.com.br\/claudio\/wp-json\/wp\/v2\/pages\/11015","targetHints":{"allow":["GET"]}}],"collection":[{"href":"https:\/\/yuri.com.br\/claudio\/wp-json\/wp\/v2\/pages"}],"about":[{"href":"https:\/\/yuri.com.br\/claudio\/wp-json\/wp\/v2\/types\/page"}],"author":[{"embeddable":true,"href":"https:\/\/yuri.com.br\/claudio\/wp-json\/wp\/v2\/users\/3"}],"replies":[{"embeddable":true,"href":"https:\/\/yuri.com.br\/claudio\/wp-json\/wp\/v2\/comments?post=11015"}],"version-history":[{"count":16,"href":"https:\/\/yuri.com.br\/claudio\/wp-json\/wp\/v2\/pages\/11015\/revisions"}],"predecessor-version":[{"id":11035,"href":"https:\/\/yuri.com.br\/claudio\/wp-json\/wp\/v2\/pages\/11015\/revisions\/11035"}],"wp:attachment":[{"href":"https:\/\/yuri.com.br\/claudio\/wp-json\/wp\/v2\/media?parent=11015"}],"curies":[{"name":"wp","href":"https:\/\/api.w.org\/{rel}","templated":true}]}}