{"id":10988,"date":"2023-07-12T11:47:47","date_gmt":"2023-07-12T11:47:47","guid":{"rendered":"https:\/\/yuri.com.br\/claudio\/?page_id=10988"},"modified":"2023-07-28T12:22:07","modified_gmt":"2023-07-28T12:22:07","slug":"home","status":"publish","type":"page","link":"https:\/\/yuri.com.br\/claudio\/","title":{"rendered":"Home"},"content":{"rendered":"<p>[vc_row full_width=&#8221;stretch_row_content_no_spaces&#8221;][vc_column][vc_column_text]<img loading=\"lazy\" decoding=\"async\" data-attachment-id=\"10833\" data-permalink=\"https:\/\/yuri.com.br\/claudio\/blog\/bg\/\" data-orig-file=\"https:\/\/yuri.com.br\/claudio\/wp-content\/uploads\/2023\/07\/bg-e1689163189183.jpg\" data-orig-size=\"1920,1800\" data-comments-opened=\"1\" data-image-meta=\"{&quot;aperture&quot;:&quot;0&quot;,&quot;credit&quot;:&quot;&quot;,&quot;camera&quot;:&quot;&quot;,&quot;caption&quot;:&quot;&quot;,&quot;created_timestamp&quot;:&quot;0&quot;,&quot;copyright&quot;:&quot;&quot;,&quot;focal_length&quot;:&quot;0&quot;,&quot;iso&quot;:&quot;0&quot;,&quot;shutter_speed&quot;:&quot;0&quot;,&quot;title&quot;:&quot;&quot;,&quot;orientation&quot;:&quot;0&quot;}\" data-image-title=\"Complexo do Ba\u00fa, S\u00e3o Bento do Sapuca\u00ed\" data-image-description=\"&lt;p&gt;Complexo do Ba\u00fa, S\u00e3o Bento do Sapuca\u00ed&lt;\/p&gt;\n\" data-image-caption=\"&lt;p&gt;Complexo do Ba\u00fa, S\u00e3o Bento do Sapuca\u00ed&lt;\/p&gt;\n\" data-medium-file=\"https:\/\/yuri.com.br\/claudio\/wp-content\/uploads\/2023\/07\/bg-e1689163189183-300x281.jpg\" data-large-file=\"https:\/\/yuri.com.br\/claudio\/wp-content\/uploads\/2023\/07\/bg-e1689163189183-1333x1250.jpg\" class=\"size-full wp-image-10833 aligncenter\" src=\"https:\/\/yuri.com.br\/claudio\/wp-content\/uploads\/2023\/07\/bg-e1689163189183.jpg\" alt=\"\" width=\"1920\" height=\"1920\" \/>[\/vc_column_text][\/vc_column][\/vc_row]<\/p>\n","protected":false},"excerpt":{"rendered":"<p>[vc_row full_width=&#8221;stretch_row_content_no_spaces&#8221;][vc_column][vc_column_text][\/vc_column_text][\/vc_column][\/vc_row]<\/p>\n","protected":false},"author":3,"featured_media":0,"parent":0,"menu_order":0,"comment_status":"closed","ping_status":"closed","template":"","meta":{"neve_meta_sidebar":"","neve_meta_container":"full-width","neve_meta_enable_content_width":"off","neve_meta_content_width":100,"neve_meta_title_alignment":"","neve_meta_author_avatar":"","neve_post_elements_order":"","neve_meta_disable_header":"","neve_meta_disable_footer":"on","neve_meta_disable_title":"on","jetpack_post_was_ever_published":false,"footnotes":""},"class_list":["post-10988","page","type-page","status-publish","hentry"],"jetpack_shortlink":"https:\/\/wp.me\/P4i7cB-2Re","jetpack_sharing_enabled":true,"jetpack-related-posts":[{"id":9205,"url":"https:\/\/yuri.com.br\/claudio\/fermentacao-natural\/","url_meta":{"origin":10988,"position":0},"title":"Fermenta\u00e7\u00e3o natural","author":"Cl\u00e1udio Brisighello","date":"31\/jul\/2015","format":false,"excerpt":"[vc_row][vc_column][vc_single_image image=\"9302\" img_size=\"full\" alignment=\"center\"][vc_text_separator title=\"SOBRE O AUTOR\" i_icon_fontawesome=\"fas fa-hand-point-right\" i_color=\"black\" i_size=\"sm\" title_align=\"separator_align_left\" border_width=\"4\" add_icon=\"true\" css=\".vc_custom_1689084950338{padding-bottom: -4px !important;}\"][vc_column_text] \u00a0 \u00a0 \u00a0Primeiramente, ressalto que esta s\u00e9rie de postagens n\u00e3o substitui um curso presencial de panifica\u00e7\u00e3o. No entanto, gosto de buscar e disseminar conhecimento, e desejo dar oportunidade \u00e0queles que n\u00e3o podem pagar\u2026","rel":"","context":"Post similar","block_context":{"text":"Post similar","link":""},"img":{"alt_text":"","src":"https:\/\/i0.wp.com\/yuri.com.br\/claudio\/wp-content\/uploads\/2015\/07\/Fatia.jpg?resize=350%2C200&ssl=1","width":350,"height":200,"srcset":"https:\/\/i0.wp.com\/yuri.com.br\/claudio\/wp-content\/uploads\/2015\/07\/Fatia.jpg?resize=350%2C200&ssl=1 1x, https:\/\/i0.wp.com\/yuri.com.br\/claudio\/wp-content\/uploads\/2015\/07\/Fatia.jpg?resize=525%2C300&ssl=1 1.5x, https:\/\/i0.wp.com\/yuri.com.br\/claudio\/wp-content\/uploads\/2015\/07\/Fatia.jpg?resize=700%2C400&ssl=1 2x, https:\/\/i0.wp.com\/yuri.com.br\/claudio\/wp-content\/uploads\/2015\/07\/Fatia.jpg?resize=1050%2C600&ssl=1 3x"},"classes":[]}],"_links":{"self":[{"href":"https:\/\/yuri.com.br\/claudio\/wp-json\/wp\/v2\/pages\/10988","targetHints":{"allow":["GET"]}}],"collection":[{"href":"https:\/\/yuri.com.br\/claudio\/wp-json\/wp\/v2\/pages"}],"about":[{"href":"https:\/\/yuri.com.br\/claudio\/wp-json\/wp\/v2\/types\/page"}],"author":[{"embeddable":true,"href":"https:\/\/yuri.com.br\/claudio\/wp-json\/wp\/v2\/users\/3"}],"replies":[{"embeddable":true,"href":"https:\/\/yuri.com.br\/claudio\/wp-json\/wp\/v2\/comments?post=10988"}],"version-history":[{"count":5,"href":"https:\/\/yuri.com.br\/claudio\/wp-json\/wp\/v2\/pages\/10988\/revisions"}],"predecessor-version":[{"id":11000,"href":"https:\/\/yuri.com.br\/claudio\/wp-json\/wp\/v2\/pages\/10988\/revisions\/11000"}],"wp:attachment":[{"href":"https:\/\/yuri.com.br\/claudio\/wp-json\/wp\/v2\/media?parent=10988"}],"curies":[{"name":"wp","href":"https:\/\/api.w.org\/{rel}","templated":true}]}}