{"id":10238,"date":"2019-01-02T16:15:59","date_gmt":"2019-01-02T16:15:59","guid":{"rendered":"http:\/\/yuri.com.br\/claudio\/?page_id=10238"},"modified":"2023-07-11T17:26:05","modified_gmt":"2023-07-11T17:26:05","slug":"sao-bento-do-sapucai","status":"publish","type":"page","link":"https:\/\/yuri.com.br\/claudio\/sao-bento-do-sapucai\/","title":{"rendered":"S\u00e3o Bento do Sapuca\u00ed"},"content":{"rendered":"<p>[vc_row][vc_column][vc_masonry_media_grid element_width=&#8221;2&#8243; item=&#8221;masonryMedia_SolidBlurOut&#8221; initial_loading_animation=&#8221;fadeIn&#8221; grid_id=&#8221;vc_gid:1689096360250-97fe29d3-b076-4&#8243; include=&#8221;9644,8070,5727,5061,5080,5068,5041,5040,5043,5046,5045,5044,5079,5049,5048,5050,5053,5067,5042,5055,5056,5076,5074,5073,5106,7247,7633,7630,7811,7991,7992,8071,9634,9631,9552,9660,9632,9630,9627,7076,9643,9645,9710,9709,9708,9707,9706,9705,9704,9633,9763,9761,9762,10300,10299&#8243;][\/vc_column][\/vc_row][vc_row][vc_column][vc_column_text]<br \/>\n[\/vc_column_text][\/vc_column][\/vc_row][vc_row][vc_column][vc_empty_space height=&#8221;22px&#8221;][vc_custom_heading text=&#8221;acervo desde 2000&#8243; font_container=&#8221;tag:div|font_size:10|text_align:right|color:%23565656|line_height:10px&#8221; google_fonts=&#8221;font_family:Nothing%20You%20Could%20Do%3Aregular|font_style:400%20regular%3A400%3Anormal&#8221;][vc_custom_heading text=&#8221;imagens +antigas = baixa resolu\u00e7\u00e3o&#8221; font_container=&#8221;tag:div|font_size:10|text_align:right|color:%23c4c4c4|line_height:8px&#8221; google_fonts=&#8221;font_family:Oswald%3A300%2Cregular%2C700|font_style:300%20light%20regular%3A300%3Anormal&#8221;][vc_empty_space height=&#8221;22px&#8221;][\/vc_column][\/vc_row]<\/p>\n","protected":false},"excerpt":{"rendered":"<p>[vc_row][vc_column][vc_masonry_media_grid element_width=&#8221;2&#8243; item=&#8221;masonryMedia_SolidBlurOut&#8221; initial_loading_animation=&#8221;fadeIn&#8221; grid_id=&#8221;vc_gid:1689096360250-97fe29d3-b076-4&#8243; include=&#8221;9644,8070,5727,5061,5080,5068,5041,5040,5043,5046,5045,5044,5079,5049,5048,5050,5053,5067,5042,5055,5056,5076,5074,5073,5106,7247,7633,7630,7811,7991,7992,8071,9634,9631,9552,9660,9632,9630,9627,7076,9643,9645,9710,9709,9708,9707,9706,9705,9704,9633,9763,9761,9762,10300,10299&#8243;][\/vc_column][\/vc_row][vc_row][vc_column][vc_column_text] [\/vc_column_text][\/vc_column][\/vc_row][vc_row][vc_column][vc_empty_space height=&#8221;22px&#8221;][vc_custom_heading text=&#8221;acervo desde 2000&#8243; font_container=&#8221;tag:div|font_size:10|text_align:right|color:%23565656|line_height:10px&#8221; google_fonts=&#8221;font_family:Nothing%20You%20Could%20Do%3Aregular|font_style:400%20regular%3A400%3Anormal&#8221;][vc_custom_heading text=&#8221;imagens +antigas = baixa resolu\u00e7\u00e3o&#8221; font_container=&#8221;tag:div|font_size:10|text_align:right|color:%23c4c4c4|line_height:8px&#8221; google_fonts=&#8221;font_family:Oswald%3A300%2Cregular%2C700|font_style:300%20light%20regular%3A300%3Anormal&#8221;][vc_empty_space height=&#8221;22px&#8221;][\/vc_column][\/vc_row]<\/p>\n","protected":false},"author":1,"featured_media":0,"parent":0,"menu_order":0,"comment_status":"closed","ping_status":"closed","template":"","meta":{"neve_meta_sidebar":"","neve_meta_container":"","neve_meta_enable_content_width":"off","neve_meta_content_width":100,"neve_meta_title_alignment":"","neve_meta_author_avatar":"","neve_post_elements_order":"","neve_meta_disable_header":"","neve_meta_disable_footer":"","neve_meta_disable_title":"","jetpack_post_was_ever_published":false,"footnotes":""},"class_list":["post-10238","page","type-page","status-publish","hentry"],"jetpack_shortlink":"https:\/\/wp.me\/P4i7cB-2F8","jetpack_sharing_enabled":true,"jetpack-related-posts":[{"id":7192,"url":"https:\/\/yuri.com.br\/claudio\/tick-list\/","url_meta":{"origin":10238,"position":0},"title":"Tick list","author":"Cl\u00e1udio Brisighello","date":"5\/fev\/2014","format":false,"excerpt":"[vc_row][vc_column][vc_column_text css=\".vc_custom_1721234079305{background-color: #dbdbdb !important;}\"] local setor data grau \u00a0 nome rp\/os\/fl obs. coment\u00e1rios PARAIS\u00d3POLIS VENTOS 17\/Jul\/2024 V11 *** VIOLENTAS E FR\u00c1GEIS redpoint FA Negativ\u00e3o surpreendeu PARAIS\u00d3POLIS VENTOS 15\/Jul\/2024 V12 *** VELHA CHAMA redpoint FA E o velhinho ainda \u201cchama\u201d PARAIS\u00d3POLIS VENTOS 13\/Jul\/2024 V5 *** SEM DELONGAS redpoint \u00a0 Extens\u00e3o ficou\u2026","rel":"","context":"Post similar","block_context":{"text":"Post similar","link":""},"img":{"alt_text":"","src":"","width":0,"height":0},"classes":[]}],"_links":{"self":[{"href":"https:\/\/yuri.com.br\/claudio\/wp-json\/wp\/v2\/pages\/10238","targetHints":{"allow":["GET"]}}],"collection":[{"href":"https:\/\/yuri.com.br\/claudio\/wp-json\/wp\/v2\/pages"}],"about":[{"href":"https:\/\/yuri.com.br\/claudio\/wp-json\/wp\/v2\/types\/page"}],"author":[{"embeddable":true,"href":"https:\/\/yuri.com.br\/claudio\/wp-json\/wp\/v2\/users\/1"}],"replies":[{"embeddable":true,"href":"https:\/\/yuri.com.br\/claudio\/wp-json\/wp\/v2\/comments?post=10238"}],"version-history":[{"count":5,"href":"https:\/\/yuri.com.br\/claudio\/wp-json\/wp\/v2\/pages\/10238\/revisions"}],"predecessor-version":[{"id":10951,"href":"https:\/\/yuri.com.br\/claudio\/wp-json\/wp\/v2\/pages\/10238\/revisions\/10951"}],"wp:attachment":[{"href":"https:\/\/yuri.com.br\/claudio\/wp-json\/wp\/v2\/media?parent=10238"}],"curies":[{"name":"wp","href":"https:\/\/api.w.org\/{rel}","templated":true}]}}