{"id":10197,"date":"2018-11-26T12:34:24","date_gmt":"2018-11-26T12:34:24","guid":{"rendered":"http:\/\/yuri.com.br\/claudio\/?page_id=10197"},"modified":"2018-11-26T12:34:24","modified_gmt":"2018-11-26T12:34:24","slug":"contato","status":"publish","type":"page","link":"https:\/\/yuri.com.br\/claudio\/contato\/","title":{"rendered":"Contato"},"content":{"rendered":"<div class=\"wpforms-container wpforms-container-full\" id=\"wpforms-10193\"><form id=\"wpforms-form-10193\" class=\"wpforms-validate wpforms-form\" data-formid=\"10193\" method=\"post\" enctype=\"multipart\/form-data\" action=\"\/claudio\/wp-json\/wp\/v2\/pages\/10197\" data-token=\"fca38a237a2a12e22f842663a6ad9046\" data-token-time=\"1777282449\"><noscript class=\"wpforms-error-noscript\">Ative o JavaScript no seu navegador para preencher este formul\u00e1rio.<\/noscript><div class=\"wpforms-field-container\"><div id=\"wpforms-10193-field_0-container\" class=\"wpforms-field wpforms-field-name\" data-field-id=\"0\"><label class=\"wpforms-field-label\" for=\"wpforms-10193-field_0\">Nome <span class=\"wpforms-required-label\">*<\/span><\/label><input type=\"text\" id=\"wpforms-10193-field_0\" class=\"wpforms-field-medium wpforms-field-required\" name=\"wpforms[fields][0]\" required><\/div><div id=\"wpforms-10193-field_1-container\" class=\"wpforms-field wpforms-field-email\" data-field-id=\"1\"><label class=\"wpforms-field-label\" for=\"wpforms-10193-field_1\">Email <span class=\"wpforms-required-label\">*<\/span><\/label><input type=\"email\" id=\"wpforms-10193-field_1\" class=\"wpforms-field-medium wpforms-field-required\" name=\"wpforms[fields][1]\" spellcheck=\"false\" required><\/div><div id=\"wpforms-10193-field_2-container\" class=\"wpforms-field wpforms-field-textarea\" data-field-id=\"2\"><label class=\"wpforms-field-label\" for=\"wpforms-10193-field_2\">Mensagem <span class=\"wpforms-required-label\">*<\/span><\/label><textarea id=\"wpforms-10193-field_2\" class=\"wpforms-field-medium wpforms-field-required\" name=\"wpforms[fields][2]\" required><\/textarea><\/div><\/div><!-- .wpforms-field-container --><div class=\"wpforms-field wpforms-field-hp\"><label for=\"wpforms-10193-field-hp\" class=\"wpforms-field-label\">Message<\/label><input type=\"text\" name=\"wpforms[hp]\" id=\"wpforms-10193-field-hp\" class=\"wpforms-field-medium\"><\/div><div class=\"wpforms-recaptcha-container wpforms-is-recaptcha wpforms-is-recaptcha-type-v2\" ><div class=\"g-recaptcha\" data-sitekey=\"6LdCDn0UAAAAALmIiphhnWb7W9WuhIF5PHpgSLxz\"><\/div><input type=\"text\" name=\"g-recaptcha-hidden\" class=\"wpforms-recaptcha-hidden\" style=\"position:absolute!important;clip:rect(0,0,0,0)!important;height:1px!important;width:1px!important;border:0!important;overflow:hidden!important;padding:0!important;margin:0!important;\" data-rule-recaptcha=\"1\"><\/div><div class=\"wpforms-submit-container\" ><input type=\"hidden\" name=\"wpforms[id]\" value=\"10193\"><input type=\"hidden\" name=\"page_title\" value=\"\"><input type=\"hidden\" name=\"page_url\" value=\"https:\/\/yuri.com.br\/claudio\/wp-json\/wp\/v2\/pages\/10197\"><input type=\"hidden\" name=\"url_referer\" value=\"\"><button type=\"submit\" name=\"wpforms[submit]\" id=\"wpforms-submit-10193\" class=\"wpforms-submit\" data-alt-text=\"Enviando...\" data-submit-text=\"Enviar\" aria-live=\"assertive\" value=\"wpforms-submit\">Enviar<\/button><\/div><\/form><\/div>  <!-- .wpforms-container -->\n","protected":false},"excerpt":{"rendered":"Ative o JavaScript no seu navegador para preencher este formul\u00e1rio.Nome *Email *Mensagem *WebsiteEnviar","protected":false},"author":1,"featured_media":0,"parent":0,"menu_order":0,"comment_status":"closed","ping_status":"closed","template":"page-templates\/no-sidebar.php","meta":{"neve_meta_sidebar":"","neve_meta_container":"","neve_meta_enable_content_width":"","neve_meta_content_width":0,"neve_meta_title_alignment":"","neve_meta_author_avatar":"","neve_post_elements_order":"","neve_meta_disable_header":"","neve_meta_disable_footer":"","neve_meta_disable_title":"","jetpack_post_was_ever_published":false,"footnotes":""},"class_list":["post-10197","page","type-page","status-publish","hentry"],"jetpack_shortlink":"https:\/\/wp.me\/P4i7cB-2Et","jetpack_sharing_enabled":true,"jetpack-related-posts":[{"id":9425,"url":"https:\/\/yuri.com.br\/claudio\/brioche\/","url_meta":{"origin":10197,"position":0},"title":"Brioche","author":"Cl\u00e1udio Brisighello","date":"11\/nov\/2015","format":false,"excerpt":"[vc_row][vc_column][vc_single_image image=\"9428\" img_size=\"full\" alignment=\"center\"][vc_text_separator title=\"INTRODU\u00c7\u00c3O AOS BRIOCHES\" i_icon_fontawesome=\"fas fa-hand-point-right\" i_color=\"black\" i_size=\"sm\" title_align=\"separator_align_left\" border_width=\"4\" add_icon=\"true\" css=\".vc_custom_1689087758144{margin-top: 50px !important;}\"][vc_column_text css=\".vc_custom_1540412865008{margin-bottom: -15px !important;}\"] \u00a0 \u00a0 \u00a0A panifica\u00e7\u00e3o \u00e9 um vasto universo. Eu comecei com os incr\u00edveis p\u00e3es de fermenta\u00e7\u00e3o natural e confesso que um dia cheguei a me dar por satisfeito, n\u00e3o desejando\u2026","rel":"","context":"Post similar","block_context":{"text":"Post similar","link":""},"img":{"alt_text":"","src":"","width":0,"height":0},"classes":[]},{"id":9305,"url":"https:\/\/yuri.com.br\/claudio\/pao-basico\/","url_meta":{"origin":10197,"position":1},"title":"O p\u00e3o b\u00e1sico de fermenta\u00e7\u00e3o natural","author":"Cl\u00e1udio Brisighello","date":"9\/ago\/2015","format":false,"excerpt":"[vc_row][vc_column][vc_single_image image=\"9673\" img_size=\"full\" alignment=\"center\"][vc_text_separator title=\"O P\u00c3O B\u00c1SICO\" i_icon_fontawesome=\"fas fa-hand-point-right\" i_color=\"black\" i_size=\"sm\" title_align=\"separator_align_left\" border_width=\"4\" add_icon=\"true\" css=\".vc_custom_1689086531307{margin-top: 40px !important;}\"][vc_column_text] \u00a0 \u00a0 \u00a0Agora que entendemos um pouco sobre a\u00a0fermenta\u00e7\u00e3o natural\u00a0e como fazer o nosso pr\u00f3prio levain, vamos finalmente ao que interessa. Mas se voc\u00ea chegou aqui \u00e0 procura de uma r\u00e1pida \"receita de\u2026","rel":"","context":"Post similar","block_context":{"text":"Post similar","link":""},"img":{"alt_text":"","src":"","width":0,"height":0},"classes":[]},{"id":10610,"url":"https:\/\/yuri.com.br\/claudio\/terra-do-nunca\/","url_meta":{"origin":10197,"position":2},"title":"Terra do Nunca","author":"Cl\u00e1udio Brisighello","date":"21\/jun\/2021","format":false,"excerpt":"[vc_row][vc_column][vc_empty_space height=\"52px\"][vc_column_text] TERRA DO NUNCA: senta que l\u00e1 vem text\u00e3o, desses que n\u00e3o cabe em timeline... [\/vc_column_text][vc_single_image image=\"10611\" img_size=\"1600\" alignment=\"center\" style=\"vc_box_rounded\" css_animation=\"fadeIn\" css=\".vc_custom_1689089398661{margin-bottom: 5px !important;}\"][vc_column_text] Quando um projeto deixa de ser guerra, para se tornar igreja... [\/vc_column_text][vc_column_text] No calor do fim de outubro, 2020, uma motiva\u00e7\u00e3o sob circunst\u00e2ncias in\u00e9ditas me\u2026","rel":"","context":"Post similar","block_context":{"text":"Post similar","link":""},"img":{"alt_text":"","src":"https:\/\/i0.wp.com\/yuri.com.br\/claudio\/wp-content\/uploads\/2021\/06\/sd1.jpg?resize=350%2C200&ssl=1","width":350,"height":200,"srcset":"https:\/\/i0.wp.com\/yuri.com.br\/claudio\/wp-content\/uploads\/2021\/06\/sd1.jpg?resize=350%2C200&ssl=1 1x, https:\/\/i0.wp.com\/yuri.com.br\/claudio\/wp-content\/uploads\/2021\/06\/sd1.jpg?resize=525%2C300&ssl=1 1.5x, https:\/\/i0.wp.com\/yuri.com.br\/claudio\/wp-content\/uploads\/2021\/06\/sd1.jpg?resize=700%2C400&ssl=1 2x, https:\/\/i0.wp.com\/yuri.com.br\/claudio\/wp-content\/uploads\/2021\/06\/sd1.jpg?resize=1050%2C600&ssl=1 3x, https:\/\/i0.wp.com\/yuri.com.br\/claudio\/wp-content\/uploads\/2021\/06\/sd1.jpg?resize=1400%2C800&ssl=1 4x"},"classes":[]}],"_links":{"self":[{"href":"https:\/\/yuri.com.br\/claudio\/wp-json\/wp\/v2\/pages\/10197","targetHints":{"allow":["GET"]}}],"collection":[{"href":"https:\/\/yuri.com.br\/claudio\/wp-json\/wp\/v2\/pages"}],"about":[{"href":"https:\/\/yuri.com.br\/claudio\/wp-json\/wp\/v2\/types\/page"}],"author":[{"embeddable":true,"href":"https:\/\/yuri.com.br\/claudio\/wp-json\/wp\/v2\/users\/1"}],"replies":[{"embeddable":true,"href":"https:\/\/yuri.com.br\/claudio\/wp-json\/wp\/v2\/comments?post=10197"}],"version-history":[{"count":1,"href":"https:\/\/yuri.com.br\/claudio\/wp-json\/wp\/v2\/pages\/10197\/revisions"}],"predecessor-version":[{"id":10199,"href":"https:\/\/yuri.com.br\/claudio\/wp-json\/wp\/v2\/pages\/10197\/revisions\/10199"}],"wp:attachment":[{"href":"https:\/\/yuri.com.br\/claudio\/wp-json\/wp\/v2\/media?parent=10197"}],"curies":[{"name":"wp","href":"https:\/\/api.w.org\/{rel}","templated":true}]}}